{"id":4436,"date":"2024-10-07T12:55:09","date_gmt":"2024-10-07T11:55:09","guid":{"rendered":"https:\/\/bizibermeo.normak.es\/san-juan-de-gaztelugatxe\/"},"modified":"2024-11-07T16:36:39","modified_gmt":"2024-11-07T15:36:39","slug":"san-juan-de-gaztelugatxe","status":"publish","type":"page","link":"https:\/\/bizibermeo.normak.es\/fr\/voir\/san-juan-de-gaztelugatxe\/","title":{"rendered":"San Juan de Gaztelugatxe"},"content":{"rendered":"\t\t<div data-elementor-type=\"wp-page\" data-elementor-id=\"4436\" class=\"elementor elementor-4436 elementor-121\" data-elementor-post-type=\"page\">\n\t\t\t\t<div class=\"elementor-element elementor-element-4899f7c8 e-con-full e-flex e-con e-child\" data-id=\"4899f7c8\" data-element_type=\"container\">\n\t\t<div class=\"elementor-element elementor-element-2501ddd2 e-flex e-con-boxed e-con e-child\" data-id=\"2501ddd2\" data-element_type=\"container\" data-settings=\"{&quot;background_background&quot;:&quot;classic&quot;}\">\n\t\t\t\t\t<div class=\"e-con-inner\">\n\t\t\t\t<div class=\"elementor-element elementor-element-770aa844 elementor-widget elementor-widget-heading\" data-id=\"770aa844\" data-element_type=\"widget\" data-widget_type=\"heading.default\">\n\t\t\t\t<div class=\"elementor-widget-container\">\n\t\t\t\t\t<h2 class=\"elementor-heading-title elementor-size-default\">San Juan de Gaztelugatxe<\/h2>\t\t\t\t<\/div>\n\t\t\t\t<\/div>\n\t\t\t\t\t<\/div>\n\t\t\t\t<\/div>\n\t\t<div class=\"elementor-element elementor-element-6a18dfda e-flex e-con-boxed e-con e-child\" data-id=\"6a18dfda\" data-element_type=\"container\" data-settings=\"{&quot;background_background&quot;:&quot;classic&quot;}\">\n\t\t\t\t\t<div class=\"e-con-inner\">\n\t\t\t\t\t<\/div>\n\t\t\t\t<\/div>\n\t\t\t\t<\/div>\n\t\t<div class=\"elementor-element elementor-element-000b11e e-flex e-con-boxed e-con e-parent\" data-id=\"000b11e\" data-element_type=\"container\">\n\t\t\t\t\t<div class=\"e-con-inner\">\n\t\t\t\t<div class=\"elementor-element elementor-element-b2edee3 elementor-widget elementor-widget-heading\" data-id=\"b2edee3\" data-element_type=\"widget\" data-widget_type=\"heading.default\">\n\t\t\t\t<div class=\"elementor-widget-container\">\n\t\t\t\t\t<h2 class=\"elementor-heading-title elementor-size-default\">San Juan de Gaztelugatxe, UNE VISITE INOUBLIABLE!<\/h2>\t\t\t\t<\/div>\n\t\t\t\t<\/div>\n\t\t\t\t<div class=\"elementor-element elementor-element-7398f18 elementor-widget elementor-widget-text-editor\" data-id=\"7398f18\" data-element_type=\"widget\" data-widget_type=\"text-editor.default\">\n\t\t\t\t<div class=\"elementor-widget-container\">\n\t\t\t\t\t\t\t\t\tRecommandations et conseils \u00e0 garder \u00e0 l&rsquo;esprit lors de votre visite de Gaztelugatxe.\t\t\t\t\t\t\t\t<\/div>\n\t\t\t\t<\/div>\n\t\t<div class=\"elementor-element elementor-element-542c18c e-con-full e-flex e-con e-child\" data-id=\"542c18c\" data-element_type=\"container\" data-settings=\"{&quot;background_background&quot;:&quot;classic&quot;}\">\n\t\t\t\t<div class=\"elementor-element elementor-element-0cd28f7 elementor-widget elementor-widget-text-editor\" data-id=\"0cd28f7\" data-element_type=\"widget\" data-widget_type=\"text-editor.default\">\n\t\t\t\t<div class=\"elementor-widget-container\">\n\t\t\t\t\t\t\t\t\t<strong>\u00c0 prendre en compte:\u00a0<\/strong>\r\n<ol>\r\n \t<li>Le parcours p\u00e9destre n\u00e9cessite un effort physique, la descente de la falaise jusqu&rsquo;\u00e0 atteindre les marches de l&rsquo;ermitage, le m\u00eame escalier (241 marches), et le retour du m\u00eame parcours. Cette visite \u00e0 pied dure environ 1 heure et 30 minutes.<\/li>\r\n \t<li>Si vous avez des probl\u00e8mes de sant\u00e9 li\u00e9s au c\u0153ur, une insuffisance respiratoire ou une mobilit\u00e9 r\u00e9duite, nous vous d\u00e9conseillons cette promenade.<\/li>\r\n \t<li>Avant de commencer l&rsquo;excursion, pensez \u00e0 appliquer de la cr\u00e8me solaire et apportez de l&rsquo;eau pour vous hydrater.<\/li>\r\n \t<li>Il est indispensable de porter des chaussures adapt\u00e9es \u00e0 la marche.<\/li>\r\n<\/ol>\t\t\t\t\t\t\t\t<\/div>\n\t\t\t\t<\/div>\n\t\t\t\t<\/div>\n\t\t\t\t\t<\/div>\n\t\t\t\t<\/div>\n\t\t<div class=\"elementor-element elementor-element-732c1eb e-flex e-con-boxed e-con e-parent\" data-id=\"732c1eb\" data-element_type=\"container\">\n\t\t\t\t\t<div class=\"e-con-inner\">\n\t\t<div class=\"elementor-element elementor-element-01e3472 e-con-full e-flex e-con e-child\" data-id=\"01e3472\" data-element_type=\"container\">\n\t\t\t\t<div class=\"elementor-element elementor-element-c47f5b6 elementor-widget elementor-widget-image\" data-id=\"c47f5b6\" data-element_type=\"widget\" data-widget_type=\"image.default\">\n\t\t\t\t<div class=\"elementor-widget-container\">\n\t\t\t\t\t\t\t\t\t\t\t\t\t\t\t<img decoding=\"async\" src=\"https:\/\/bizibermeo.normak.es\/wp-content\/uploads\/elementor\/thumbs\/bisita1-qvfe0voriof4l1n2vp6y04ra871y20qsv9zvpmf6d4.webp\" title=\"bisita1\" alt=\"bisita1\" loading=\"lazy\" \/>\t\t\t\t\t\t\t\t\t\t\t\t\t\t\t<\/div>\n\t\t\t\t<\/div>\n\t\t\t\t<\/div>\n\t\t<div class=\"elementor-element elementor-element-42c5a70 e-con-full e-flex e-con e-child\" data-id=\"42c5a70\" data-element_type=\"container\">\n\t\t\t\t<div class=\"elementor-element elementor-element-be052dc elementor-widget elementor-widget-heading\" data-id=\"be052dc\" data-element_type=\"widget\" data-widget_type=\"heading.default\">\n\t\t\t\t<div class=\"elementor-widget-container\">\n\t\t\t\t\t<h2 class=\"elementor-heading-title elementor-size-default\">1. Billets pour visiter San Juan de Gaztelugatxe<\/h2>\t\t\t\t<\/div>\n\t\t\t\t<\/div>\n\t\t\t\t<div class=\"elementor-element elementor-element-1864358 elementor-widget elementor-widget-text-editor\" data-id=\"1864358\" data-element_type=\"widget\" data-widget_type=\"text-editor.default\">\n\t\t\t\t<div class=\"elementor-widget-container\">\n\t\t\t\t\t\t\t\t\t<p>En haute saison, pendant les vacances et les longs week-ends, il est obligatoire d&rsquo;avoir un billet gratuit pour visiter Gaztelugatxe.<\/p>\n<p><a href=\"https:\/\/www.bizkaia.eus\/eu\/gaztelugatxe\" target=\"_blank\" rel=\"noopener\">Obtenez votre billet ici<\/a><\/p>\n\t\t\t\t\t\t\t\t<\/div>\n\t\t\t\t<\/div>\n\t\t\t\t<\/div>\n\t\t\t\t\t<\/div>\n\t\t\t\t<\/div>\n\t\t<div class=\"elementor-element elementor-element-2f2328d e-flex e-con-boxed e-con e-parent\" data-id=\"2f2328d\" data-element_type=\"container\">\n\t\t\t\t\t<div class=\"e-con-inner\">\n\t\t<div class=\"elementor-element elementor-element-75512df e-con-full e-flex e-con e-child\" data-id=\"75512df\" data-element_type=\"container\">\n\t\t\t\t<div class=\"elementor-element elementor-element-2a78bce elementor-widget elementor-widget-image\" data-id=\"2a78bce\" data-element_type=\"widget\" data-widget_type=\"image.default\">\n\t\t\t\t<div class=\"elementor-widget-container\">\n\t\t\t\t\t\t\t\t\t\t\t\t\t\t\t<img decoding=\"async\" src=\"https:\/\/bizibermeo.normak.es\/wp-content\/uploads\/elementor\/thumbs\/bisita2-qvfe0xkfwchp89kckq0754a7eysohey9jjauo6ce0o.webp\" title=\"bisita2\" alt=\"bisita2\" loading=\"lazy\" \/>\t\t\t\t\t\t\t\t\t\t\t\t\t\t\t<\/div>\n\t\t\t\t<\/div>\n\t\t\t\t<\/div>\n\t\t<div class=\"elementor-element elementor-element-ace52fe e-con-full e-flex e-con e-child\" data-id=\"ace52fe\" data-element_type=\"container\">\n\t\t\t\t<div class=\"elementor-element elementor-element-288bd68 elementor-widget elementor-widget-heading\" data-id=\"288bd68\" data-element_type=\"widget\" data-widget_type=\"heading.default\">\n\t\t\t\t<div class=\"elementor-widget-container\">\n\t\t\t\t\t<h2 class=\"elementor-heading-title elementor-size-default\">2. Autobus pour visiter Gaztelugatxe avec guide touristique accompagnateur (P\u00e2ques et l'\u00e9t\u00e9)<\/h2>\t\t\t\t<\/div>\n\t\t\t\t<\/div>\n\t\t\t\t<div class=\"elementor-element elementor-element-eecd640 elementor-widget elementor-widget-text-editor\" data-id=\"eecd640\" data-element_type=\"widget\" data-widget_type=\"text-editor.default\">\n\t\t\t\t<div class=\"elementor-widget-container\">\n\t\t\t\t\t\t\t\t\t<p>Lors de cette visite, les visiteurs en apprendront davantage sur l&rsquo;identit\u00e9 de San Juan de Gaztelugatxe \u00e0 travers les croyances, les rites et les coutumes des habitants de Bermeo, en visitant \u00e9galement l&rsquo;ermitage, partie et essence de San Juan de Bermeo \u00e0 Gaztelugatxe.<\/p>\n<p>En m\u00eame temps, les particularit\u00e9s environnementales de San Juan de Gaztelugatxe seront expliqu\u00e9es. Nous devons tous prendre soin de cet environnement prot\u00e9g\u00e9 et ce service vise \u00e0 promouvoir l&rsquo;exp\u00e9rience de San Juan de Gaztelugatxe dans une perspective d&rsquo;\u00e9cotourisme.<\/p>\n\t\t\t\t\t\t\t\t<\/div>\n\t\t\t\t<\/div>\n\t\t\t\t<\/div>\n\t\t\t\t\t<\/div>\n\t\t\t\t<\/div>\n\t\t\t\t<\/div>\n\t\t","protected":false},"excerpt":{"rendered":"<p>San Juan de Gaztelugatxe, UNE VISITE INOUBLIABLE! Recommandations et conseils \u00e0 garder \u00e0 l&rsquo;esprit lors de votre visite de Gaztelugatxe.\u00c0 prendre en compte:\u00a0 Le parcours p\u00e9destre n\u00e9cessite un effort physique, la descente de la falaise jusqu&rsquo;\u00e0 atteindre les marches de l&rsquo;ermitage, le m\u00eame escalier (241 marches), et le retour du m\u00eame parcours. Cette visite \u00e0 [&hellip;]<\/p>\n","protected":false},"author":1,"featured_media":2483,"parent":4527,"menu_order":2,"comment_status":"closed","ping_status":"closed","template":"elementor_header_footer","meta":{"_acf_changed":false,"footnotes":""},"class_list":["post-4436","page","type-page","status-publish","has-post-thumbnail","hentry"],"acf":[],"_links":{"self":[{"href":"https:\/\/bizibermeo.normak.es\/fr\/wp-json\/wp\/v2\/pages\/4436","targetHints":{"allow":["GET"]}}],"collection":[{"href":"https:\/\/bizibermeo.normak.es\/fr\/wp-json\/wp\/v2\/pages"}],"about":[{"href":"https:\/\/bizibermeo.normak.es\/fr\/wp-json\/wp\/v2\/types\/page"}],"author":[{"embeddable":true,"href":"https:\/\/bizibermeo.normak.es\/fr\/wp-json\/wp\/v2\/users\/1"}],"replies":[{"embeddable":true,"href":"https:\/\/bizibermeo.normak.es\/fr\/wp-json\/wp\/v2\/comments?post=4436"}],"version-history":[{"count":2,"href":"https:\/\/bizibermeo.normak.es\/fr\/wp-json\/wp\/v2\/pages\/4436\/revisions"}],"predecessor-version":[{"id":4747,"href":"https:\/\/bizibermeo.normak.es\/fr\/wp-json\/wp\/v2\/pages\/4436\/revisions\/4747"}],"up":[{"embeddable":true,"href":"https:\/\/bizibermeo.normak.es\/fr\/wp-json\/wp\/v2\/pages\/4527"}],"wp:featuredmedia":[{"embeddable":true,"href":"https:\/\/bizibermeo.normak.es\/fr\/wp-json\/wp\/v2\/media\/2483"}],"wp:attachment":[{"href":"https:\/\/bizibermeo.normak.es\/fr\/wp-json\/wp\/v2\/media?parent=4436"}],"curies":[{"name":"wp","href":"https:\/\/api.w.org\/{rel}","templated":true}]}}