{"id":3445,"date":"2024-10-07T13:00:41","date_gmt":"2024-10-07T12:00:41","guid":{"rendered":"https:\/\/bizibermeo.normak.es\/la-montagne-aussi-est-notre-point-fort\/"},"modified":"2024-11-07T14:31:57","modified_gmt":"2024-11-07T13:31:57","slug":"la-montagne-aussi-est-notre-point-fort","status":"publish","type":"page","link":"https:\/\/bizibermeo.normak.es\/fr\/faire\/la-montagne-aussi-est-notre-point-fort\/","title":{"rendered":"La montagne aussi est notre point fort"},"content":{"rendered":"\t\t<div data-elementor-type=\"wp-page\" data-elementor-id=\"3445\" class=\"elementor elementor-3445 elementor-156\" data-elementor-post-type=\"page\">\n\t\t\t\t<div class=\"elementor-element elementor-element-92b37fe e-con-full e-flex e-con e-child\" data-id=\"92b37fe\" data-element_type=\"container\">\n\t\t<div class=\"elementor-element elementor-element-90d9e91 e-flex e-con-boxed e-con e-child\" data-id=\"90d9e91\" data-element_type=\"container\" data-settings=\"{&quot;background_background&quot;:&quot;classic&quot;}\">\n\t\t\t\t\t<div class=\"e-con-inner\">\n\t\t\t\t<div class=\"elementor-element elementor-element-7952acf elementor-widget elementor-widget-heading\" data-id=\"7952acf\" data-element_type=\"widget\" data-widget_type=\"heading.default\">\n\t\t\t\t<div class=\"elementor-widget-container\">\n\t\t\t\t\t<h2 class=\"elementor-heading-title elementor-size-default\">La montagne aussi est notre point fort<\/h2>\t\t\t\t<\/div>\n\t\t\t\t<\/div>\n\t\t\t\t\t<\/div>\n\t\t\t\t<\/div>\n\t\t<div class=\"elementor-element elementor-element-74bfcd3 e-flex e-con-boxed e-con e-child\" data-id=\"74bfcd3\" data-element_type=\"container\" data-settings=\"{&quot;background_background&quot;:&quot;classic&quot;}\">\n\t\t\t\t\t<div class=\"e-con-inner\">\n\t\t\t\t\t<\/div>\n\t\t\t\t<\/div>\n\t\t\t\t<\/div>\n\t\t<div class=\"elementor-element elementor-element-f493db6 e-flex e-con-boxed e-con e-parent\" data-id=\"f493db6\" data-element_type=\"container\">\n\t\t\t\t\t<div class=\"e-con-inner\">\n\t\t\t\t<div class=\"elementor-element elementor-element-5c6cf33 elementor-grid-1 elementor-grid-tablet-2 elementor-grid-mobile-1 elementor-widget elementor-widget-loop-grid\" data-id=\"5c6cf33\" data-element_type=\"widget\" data-settings=\"{&quot;template_id&quot;:1228,&quot;columns&quot;:1,&quot;_skin&quot;:&quot;post&quot;,&quot;columns_tablet&quot;:&quot;2&quot;,&quot;columns_mobile&quot;:&quot;1&quot;,&quot;edit_handle_selector&quot;:&quot;[data-elementor-type=\\&quot;loop-item\\&quot;]&quot;,&quot;row_gap&quot;:{&quot;unit&quot;:&quot;px&quot;,&quot;size&quot;:&quot;&quot;,&quot;sizes&quot;:[]},&quot;row_gap_tablet&quot;:{&quot;unit&quot;:&quot;px&quot;,&quot;size&quot;:&quot;&quot;,&quot;sizes&quot;:[]},&quot;row_gap_mobile&quot;:{&quot;unit&quot;:&quot;px&quot;,&quot;size&quot;:&quot;&quot;,&quot;sizes&quot;:[]}}\" data-widget_type=\"loop-grid.post\">\n\t\t\t\t<div class=\"elementor-widget-container\">\n\t\t\t\t\t\t\t<div class=\"elementor-loop-container elementor-grid\">\n\t\t<style id=\"loop-1228\">.elementor-1228 .elementor-element.elementor-element-ee9cd4c{--display:flex;--flex-direction:row;--container-widget-width:calc( ( 1 - var( --container-widget-flex-grow ) ) * 100% );--container-widget-height:100%;--container-widget-flex-grow:1;--container-widget-align-self:stretch;--flex-wrap-mobile:wrap;--justify-content:space-between;--align-items:flex-start;--gap:0px 0px;--row-gap:0px;--column-gap:0px;--margin-top:0px;--margin-bottom:30px;--margin-left:0px;--margin-right:0px;--padding-top:0px;--padding-bottom:0px;--padding-left:0px;--padding-right:0px;}.elementor-1228 .elementor-element.elementor-element-7289329{--display:flex;--flex-direction:column;--container-widget-width:100%;--container-widget-height:initial;--container-widget-flex-grow:0;--container-widget-align-self:initial;--flex-wrap-mobile:wrap;--margin-top:0px;--margin-bottom:0px;--margin-left:0px;--margin-right:0px;--padding-top:0px;--padding-bottom:0px;--padding-left:0px;--padding-right:0px;}.elementor-1228 .elementor-element.elementor-element-7289329.e-con{--flex-grow:0;--flex-shrink:0;}.elementor-widget-image .widget-image-caption{color:var( --e-global-color-text );font-family:var( --e-global-typography-text-font-family ), Sans-serif;font-size:var( --e-global-typography-text-font-size );font-weight:var( --e-global-typography-text-font-weight );line-height:var( --e-global-typography-text-line-height );}.elementor-1228 .elementor-element.elementor-element-2320e57 img{width:100%;}.elementor-1228 .elementor-element.elementor-element-dd43bd1{--display:flex;--flex-direction:column;--container-widget-width:100%;--container-widget-height:initial;--container-widget-flex-grow:0;--container-widget-align-self:initial;--flex-wrap-mobile:wrap;--gap:0px 0px;--row-gap:0px;--column-gap:0px;--margin-top:0px;--margin-bottom:0px;--margin-left:0px;--margin-right:0px;--padding-top:0px;--padding-bottom:0px;--padding-left:0px;--padding-right:0px;}.elementor-widget-theme-post-title .elementor-heading-title{font-family:var( --e-global-typography-primary-font-family ), Sans-serif;font-size:var( --e-global-typography-primary-font-size );font-weight:var( --e-global-typography-primary-font-weight );line-height:var( --e-global-typography-primary-line-height );color:var( --e-global-color-primary );}.elementor-1228 .elementor-element.elementor-element-3d2bc78 > .elementor-widget-container{margin:0px 0px 0px 0px;}.elementor-1228 .elementor-element.elementor-element-3d2bc78 .elementor-heading-title{font-family:\"Patua One\", Sans-serif;font-size:26px;font-weight:500;color:var( --e-global-color-text );}.elementor-widget-heading .elementor-heading-title{font-family:var( --e-global-typography-primary-font-family ), Sans-serif;font-size:var( --e-global-typography-primary-font-size );font-weight:var( --e-global-typography-primary-font-weight );line-height:var( --e-global-typography-primary-line-height );color:var( --e-global-color-primary );}.elementor-1228 .elementor-element.elementor-element-50c7269 .elementor-heading-title{font-family:\"Roboto\", Sans-serif;font-size:18px;font-weight:300;text-transform:uppercase;line-height:28px;color:var( --e-global-color-secondary );}.elementor-1228 .elementor-element.elementor-element-23a9096 .elementor-heading-title{font-family:\"Roboto\", Sans-serif;font-size:18px;font-weight:500;text-transform:uppercase;line-height:28px;color:var( --e-global-color-secondary );}.elementor-widget-theme-post-content{color:var( --e-global-color-text );font-family:var( --e-global-typography-text-font-family ), Sans-serif;font-size:var( --e-global-typography-text-font-size );font-weight:var( --e-global-typography-text-font-weight );line-height:var( --e-global-typography-text-line-height );}.elementor-1228 .elementor-element.elementor-element-620be04 > .elementor-widget-container{margin:20px 0px 0px 0px;}@media(min-width:768px){.elementor-1228 .elementor-element.elementor-element-7289329{--width:30%;}.elementor-1228 .elementor-element.elementor-element-dd43bd1{--width:65%;}}@media(max-width:1024px){.elementor-widget-image .widget-image-caption{font-size:var( --e-global-typography-text-font-size );line-height:var( --e-global-typography-text-line-height );}.elementor-widget-theme-post-title .elementor-heading-title{font-size:var( --e-global-typography-primary-font-size );line-height:var( --e-global-typography-primary-line-height );}.elementor-widget-heading .elementor-heading-title{font-size:var( --e-global-typography-primary-font-size );line-height:var( --e-global-typography-primary-line-height );}.elementor-widget-theme-post-content{font-size:var( --e-global-typography-text-font-size );line-height:var( --e-global-typography-text-line-height );}}@media(max-width:767px){.elementor-widget-image .widget-image-caption{font-size:var( --e-global-typography-text-font-size );line-height:var( --e-global-typography-text-line-height );}.elementor-1228 .elementor-element.elementor-element-dd43bd1{--margin-top:20px;--margin-bottom:0px;--margin-left:0px;--margin-right:0px;}.elementor-widget-theme-post-title .elementor-heading-title{font-size:var( --e-global-typography-primary-font-size );line-height:var( --e-global-typography-primary-line-height );}.elementor-widget-heading .elementor-heading-title{font-size:var( --e-global-typography-primary-font-size );line-height:var( --e-global-typography-primary-line-height );}.elementor-widget-theme-post-content{font-size:var( --e-global-typography-text-font-size );line-height:var( --e-global-typography-text-line-height );}}<\/style>\t\t<div data-elementor-type=\"loop-item\" data-elementor-id=\"1228\" class=\"elementor elementor-1228 e-loop-item e-loop-item-3344 post-3344 zer-egin type-zer-egin status-publish has-post-thumbnail hentry egin-atala-montagne\" data-elementor-post-type=\"elementor_library\" data-custom-edit-handle=\"1\">\n\t\t\t<div class=\"elementor-element elementor-element-ee9cd4c e-flex e-con-boxed e-con e-parent\" data-id=\"ee9cd4c\" data-element_type=\"container\">\n\t\t\t\t\t<div class=\"e-con-inner\">\n\t\t<div class=\"elementor-element elementor-element-7289329 e-con-full e-flex e-con e-child\" data-id=\"7289329\" data-element_type=\"container\">\n\t\t\t\t<div class=\"elementor-element elementor-element-2320e57 elementor-widget elementor-widget-image\" data-id=\"2320e57\" data-element_type=\"widget\" data-widget_type=\"image.default\">\n\t\t\t\t<div class=\"elementor-widget-container\">\n\t\t\t\t\t\t\t\t\t\t\t\t\t\t\t<img decoding=\"async\" src=\"https:\/\/bizibermeo.normak.es\/wp-content\/uploads\/elementor\/thumbs\/bermeo-nordic-walking-qvfe7kbg49kj57xjul7fqg1aau3wsja34d06kgie48.webp\" title=\"bermeo-nordic-walking\" alt=\"bermeo-nordic-walking\" loading=\"lazy\" \/>\t\t\t\t\t\t\t\t\t\t\t\t\t\t\t<\/div>\n\t\t\t\t<\/div>\n\t\t\t\t<\/div>\n\t\t<div class=\"elementor-element elementor-element-dd43bd1 e-con-full e-flex e-con e-child\" data-id=\"dd43bd1\" data-element_type=\"container\">\n\t\t\t\t<div class=\"elementor-element elementor-element-3d2bc78 elementor-widget elementor-widget-theme-post-title elementor-page-title elementor-widget-heading\" data-id=\"3d2bc78\" data-element_type=\"widget\" data-widget_type=\"theme-post-title.default\">\n\t\t\t\t<div class=\"elementor-widget-container\">\n\t\t\t\t\t<h1 class=\"elementor-heading-title elementor-size-default\">Bermeo<\/h1>\t\t\t\t<\/div>\n\t\t\t\t<\/div>\n\t\t\t\t<div class=\"elementor-element elementor-element-620be04 elementor-widget elementor-widget-theme-post-content\" data-id=\"620be04\" data-element_type=\"widget\" data-widget_type=\"theme-post-content.default\">\n\t\t\t\t<div class=\"elementor-widget-container\">\n\t\t\t\t\t<p>Pour conna\u00eetre les 9 quartiers qui composent Bermeo dans sa vaste \u00e9tendue rurale et visiter leurs curieux ermitages, leurs vieilles fermes ou caser\u00edos et leurs f\u00eates traditionnelles, la promenade est le moyen id\u00e9al. Nous pr\u00e9sentons 4 routes de <a href=\"https:\/\/www.centrosnordicwalking.com\/cnwe\/biz\/cnwber\" rel=\"noopener\" target=\"_blank\">Nordic Walking<\/a> qui varient en fonction de la difficult\u00e9, et qui partent toutes de l\u2019office de tourisme.<\/p>\n\t\t\t\t<\/div>\n\t\t\t\t<\/div>\n\t\t\t\t<\/div>\n\t\t\t\t\t<\/div>\n\t\t\t\t<\/div>\n\t\t\t\t<\/div>\n\t\t\t\t<div data-elementor-type=\"loop-item\" data-elementor-id=\"1228\" class=\"elementor elementor-1228 e-loop-item e-loop-item-3341 post-3341 zer-egin type-zer-egin status-publish has-post-thumbnail hentry egin-atala-montagne\" data-elementor-post-type=\"elementor_library\" data-custom-edit-handle=\"1\">\n\t\t\t<div class=\"elementor-element elementor-element-ee9cd4c e-flex e-con-boxed e-con e-parent\" data-id=\"ee9cd4c\" data-element_type=\"container\">\n\t\t\t\t\t<div class=\"e-con-inner\">\n\t\t<div class=\"elementor-element elementor-element-7289329 e-con-full e-flex e-con e-child\" data-id=\"7289329\" data-element_type=\"container\">\n\t\t\t\t<div class=\"elementor-element elementor-element-2320e57 elementor-widget elementor-widget-image\" data-id=\"2320e57\" data-element_type=\"widget\" data-widget_type=\"image.default\">\n\t\t\t\t<div class=\"elementor-widget-container\">\n\t\t\t\t\t\t\t\t\t\t\t\t\t\t\t<img decoding=\"async\" src=\"https:\/\/bizibermeo.normak.es\/wp-content\/uploads\/elementor\/thumbs\/ibilbideak-qv96ly0cgu8x6wgbz3hapqln81nqmeuj2fy4q7rfug.jpg\" title=\"ibilbideak\" alt=\"ibilbideak\" loading=\"lazy\" \/>\t\t\t\t\t\t\t\t\t\t\t\t\t\t\t<\/div>\n\t\t\t\t<\/div>\n\t\t\t\t<\/div>\n\t\t<div class=\"elementor-element elementor-element-dd43bd1 e-con-full e-flex e-con e-child\" data-id=\"dd43bd1\" data-element_type=\"container\">\n\t\t\t\t<div class=\"elementor-element elementor-element-3d2bc78 elementor-widget elementor-widget-theme-post-title elementor-page-title elementor-widget-heading\" data-id=\"3d2bc78\" data-element_type=\"widget\" data-widget_type=\"theme-post-title.default\">\n\t\t\t\t<div class=\"elementor-widget-container\">\n\t\t\t\t\t<h1 class=\"elementor-heading-title elementor-size-default\">Urdaibai<\/h1>\t\t\t\t<\/div>\n\t\t\t\t<\/div>\n\t\t\t\t<div class=\"elementor-element elementor-element-620be04 elementor-widget elementor-widget-theme-post-content\" data-id=\"620be04\" data-element_type=\"widget\" data-widget_type=\"theme-post-content.default\">\n\t\t\t\t<div class=\"elementor-widget-container\">\n\t\t\t\t\t<p>Il est possible en Urdaibai de se promener au c\u0153ur d\u2019une r\u00e9serve de biosph\u00e8re. Il existe 10 Petits parcours o\u00f9 les randonneurs pourront jouir de la diversit\u00e9 de notre paysage.<\/p>\n<p>Toutes les routes: <a href=\"https:\/\/www.urdaibai.eus\/es\/ocio-senderismo\/\" rel=\"noopener\" target=\"_blank\">www.urdaibai.eus\/es\/ocio-senderismo\/<\/a><\/p>\n\t\t\t\t<\/div>\n\t\t\t\t<\/div>\n\t\t\t\t<\/div>\n\t\t\t\t\t<\/div>\n\t\t\t\t<\/div>\n\t\t\t\t<\/div>\n\t\t\t\t<div data-elementor-type=\"loop-item\" data-elementor-id=\"1228\" class=\"elementor elementor-1228 e-loop-item e-loop-item-3321 post-3321 zer-egin type-zer-egin status-publish has-post-thumbnail hentry egin-atala-montagne\" data-elementor-post-type=\"elementor_library\" data-custom-edit-handle=\"1\">\n\t\t\t<div class=\"elementor-element elementor-element-ee9cd4c e-flex e-con-boxed e-con e-parent\" data-id=\"ee9cd4c\" data-element_type=\"container\">\n\t\t\t\t\t<div class=\"e-con-inner\">\n\t\t<div class=\"elementor-element elementor-element-7289329 e-con-full e-flex e-con e-child\" data-id=\"7289329\" data-element_type=\"container\">\n\t\t\t\t<div class=\"elementor-element elementor-element-2320e57 elementor-widget elementor-widget-image\" data-id=\"2320e57\" data-element_type=\"widget\" data-widget_type=\"image.default\">\n\t\t\t\t<div class=\"elementor-widget-container\">\n\t\t\t\t\t\t\t\t\t\t\t\t\t\t\t<img decoding=\"async\" src=\"https:\/\/bizibermeo.normak.es\/wp-content\/uploads\/elementor\/thumbs\/etapa7-bermeo-qvfe7gk3cxfdus30gjkxggzfxamfxqv5rue8ncnyt4.webp\" title=\"etapa7-bermeo\" alt=\"etapa7-bermeo\" loading=\"lazy\" \/>\t\t\t\t\t\t\t\t\t\t\t\t\t\t\t<\/div>\n\t\t\t\t<\/div>\n\t\t\t\t<\/div>\n\t\t<div class=\"elementor-element elementor-element-dd43bd1 e-con-full e-flex e-con e-child\" data-id=\"dd43bd1\" data-element_type=\"container\">\n\t\t\t\t<div class=\"elementor-element elementor-element-3d2bc78 elementor-widget elementor-widget-theme-post-title elementor-page-title elementor-widget-heading\" data-id=\"3d2bc78\" data-element_type=\"widget\" data-widget_type=\"theme-post-title.default\">\n\t\t\t\t<div class=\"elementor-widget-container\">\n\t\t\t\t\t<h1 class=\"elementor-heading-title elementor-size-default\">Route du vin et du poisson<\/h1>\t\t\t\t<\/div>\n\t\t\t\t<\/div>\n\t\t\t\t<div class=\"elementor-element elementor-element-620be04 elementor-widget elementor-widget-theme-post-content\" data-id=\"620be04\" data-element_type=\"widget\" data-widget_type=\"theme-post-content.default\">\n\t\t\t\t<div class=\"elementor-widget-container\">\n\t\t\t\t\t<p>La Rioja Alavesa, concr\u00e8tement Oy\u00f3n, et Bermeo sont deux lieux connect\u00e9s depuis des si\u00e8cles gr\u00e2ce \u00e0 la route du poisson et du vin. Jadis, on transportait le poisson de Bermeo vers la Castille et l\u2019on en revenait charg\u00e9 de vin pour pouvoir l\u2019exporter depuis le port de cette localit\u00e9 marine.<\/p>\n<p>La route, \u00e9galement appel\u00e9e GR38, est aujourd&rsquo;hui l\u2019une des meilleures mani\u00e8res de conna\u00eetre notre g\u00e9ographie du nord au sud. En commen\u00e7ant la premi\u00e8re \u00e9tape sur les terres arides des vignobles et en terminant la septi\u00e8me par l\u2019estuaire d\u2019Urdaibai, couronnant le tout \u00e0 Bermeo, face \u00e0 l\u2019immense mer cantabrique. Un plan parfait pour d\u00e9couvrir durant une semaine nos espaces naturels, notre gastronomie vari\u00e9e et notre estimable patrimoine artistique et culturel.<\/p>\n<p>Rappelles toi: <a href=\"https:\/\/turismo.euskadi.eus\/es\/rutas\/gr-38-ruta-del-vino-y-del-pescado\/webtur00-contrutas\/es\/\" rel=\"noopener\" target=\"_blank\">turismo.euskadi.eus\/es\/rutas\/gr-38-ruta-del-vino-y-del-pescado\/<\/a><\/p>\n\t\t\t\t<\/div>\n\t\t\t\t<\/div>\n\t\t\t\t<\/div>\n\t\t\t\t\t<\/div>\n\t\t\t\t<\/div>\n\t\t\t\t<\/div>\n\t\t\t\t<div data-elementor-type=\"loop-item\" data-elementor-id=\"1228\" class=\"elementor elementor-1228 e-loop-item e-loop-item-3309 post-3309 zer-egin type-zer-egin status-publish has-post-thumbnail hentry egin-atala-montagne\" data-elementor-post-type=\"elementor_library\" data-custom-edit-handle=\"1\">\n\t\t\t<div class=\"elementor-element elementor-element-ee9cd4c e-flex e-con-boxed e-con e-parent\" data-id=\"ee9cd4c\" data-element_type=\"container\">\n\t\t\t\t\t<div class=\"e-con-inner\">\n\t\t<div class=\"elementor-element elementor-element-7289329 e-con-full e-flex e-con e-child\" data-id=\"7289329\" data-element_type=\"container\">\n\t\t\t\t<div class=\"elementor-element elementor-element-2320e57 elementor-widget elementor-widget-image\" data-id=\"2320e57\" data-element_type=\"widget\" data-widget_type=\"image.default\">\n\t\t\t\t<div class=\"elementor-widget-container\">\n\t\t\t\t\t\t\t\t\t\t\t\t\t\t\t<img decoding=\"async\" src=\"https:\/\/bizibermeo.normak.es\/wp-content\/uploads\/elementor\/thumbs\/btt-bermeo-qvjjr523cba33rzjjo3mlx2phz5asbpcml7dx688oo.webp\" title=\"btt-bermeo\" alt=\"btt-bermeo\" loading=\"lazy\" \/>\t\t\t\t\t\t\t\t\t\t\t\t\t\t\t<\/div>\n\t\t\t\t<\/div>\n\t\t\t\t<\/div>\n\t\t<div class=\"elementor-element elementor-element-dd43bd1 e-con-full e-flex e-con e-child\" data-id=\"dd43bd1\" data-element_type=\"container\">\n\t\t\t\t<div class=\"elementor-element elementor-element-3d2bc78 elementor-widget elementor-widget-theme-post-title elementor-page-title elementor-widget-heading\" data-id=\"3d2bc78\" data-element_type=\"widget\" data-widget_type=\"theme-post-title.default\">\n\t\t\t\t<div class=\"elementor-widget-container\">\n\t\t\t\t\t<h1 class=\"elementor-heading-title elementor-size-default\">Parcours VTT<\/h1>\t\t\t\t<\/div>\n\t\t\t\t<\/div>\n\t\t\t\t<div class=\"elementor-element elementor-element-620be04 elementor-widget elementor-widget-theme-post-content\" data-id=\"620be04\" data-element_type=\"widget\" data-widget_type=\"theme-post-content.default\">\n\t\t\t\t<div class=\"elementor-widget-container\">\n\t\t\t\t\t<p>Bermeo dispose de trois parcours VTT, des routes circulaires pour v\u00e9los de montagne, pr\u00e9sentant chacun d\u2019eux diff\u00e9rentes exigences et difficult\u00e9s, et con\u00e7us tant pour un public nouvellement initi\u00e9 dans l\u2019activit\u00e9 que pour les plus experts. \u00c0 travers ces parcours nous d\u00e9couvrirons de magnifiques paysages de la commune de Bermeo, de la zone c\u00f4ti\u00e8re et du cap Matxitxako aux paysages plus montagneux du massif de Sollube.<\/p>\n<p><a href=\"https:\/\/bizibermeo.normak.es\/wp-content\/uploads\/2024\/10\/BTT_BERMEO.pdf\">Le plan des parcours<\/a><\/p>\n\t\t\t\t<\/div>\n\t\t\t\t<\/div>\n\t\t\t\t<\/div>\n\t\t\t\t\t<\/div>\n\t\t\t\t<\/div>\n\t\t\t\t<\/div>\n\t\t\t\t<\/div>\n\t\t\n\t\t\t\t\t\t<\/div>\n\t\t\t\t<\/div>\n\t\t\t\t\t<\/div>\n\t\t\t\t<\/div>\n\t\t\t\t<\/div>\n\t\t","protected":false},"excerpt":{"rendered":"","protected":false},"author":1,"featured_media":0,"parent":3458,"menu_order":3,"comment_status":"closed","ping_status":"closed","template":"elementor_header_footer","meta":{"_acf_changed":false,"footnotes":""},"class_list":["post-3445","page","type-page","status-publish","hentry"],"acf":[],"_links":{"self":[{"href":"https:\/\/bizibermeo.normak.es\/fr\/wp-json\/wp\/v2\/pages\/3445","targetHints":{"allow":["GET"]}}],"collection":[{"href":"https:\/\/bizibermeo.normak.es\/fr\/wp-json\/wp\/v2\/pages"}],"about":[{"href":"https:\/\/bizibermeo.normak.es\/fr\/wp-json\/wp\/v2\/types\/page"}],"author":[{"embeddable":true,"href":"https:\/\/bizibermeo.normak.es\/fr\/wp-json\/wp\/v2\/users\/1"}],"replies":[{"embeddable":true,"href":"https:\/\/bizibermeo.normak.es\/fr\/wp-json\/wp\/v2\/comments?post=3445"}],"version-history":[{"count":1,"href":"https:\/\/bizibermeo.normak.es\/fr\/wp-json\/wp\/v2\/pages\/3445\/revisions"}],"predecessor-version":[{"id":3446,"href":"https:\/\/bizibermeo.normak.es\/fr\/wp-json\/wp\/v2\/pages\/3445\/revisions\/3446"}],"up":[{"embeddable":true,"href":"https:\/\/bizibermeo.normak.es\/fr\/wp-json\/wp\/v2\/pages\/3458"}],"wp:attachment":[{"href":"https:\/\/bizibermeo.normak.es\/fr\/wp-json\/wp\/v2\/media?parent=3445"}],"curies":[{"name":"wp","href":"https:\/\/api.w.org\/{rel}","templated":true}]}}