{"id":4489,"date":"2024-10-11T11:59:46","date_gmt":"2024-10-11T10:59:46","guid":{"rendered":"https:\/\/bizibermeo.normak.es\/cabo-matxitxako\/"},"modified":"2024-11-07T16:38:00","modified_gmt":"2024-11-07T15:38:00","slug":"cabo-matxitxako","status":"publish","type":"page","link":"https:\/\/bizibermeo.normak.es\/es\/que-ver\/cabo-matxitxako\/","title":{"rendered":"Cabo Matxitxako"},"content":{"rendered":"\t\t<div data-elementor-type=\"wp-page\" data-elementor-id=\"4489\" class=\"elementor elementor-4489 elementor-1513\" data-elementor-post-type=\"page\">\n\t\t\t\t<div class=\"elementor-element elementor-element-772f92b e-con-full e-flex e-con e-child\" data-id=\"772f92b\" data-element_type=\"container\">\n\t\t<div class=\"elementor-element elementor-element-94b59a3 e-flex e-con-boxed e-con e-child\" data-id=\"94b59a3\" data-element_type=\"container\" data-settings=\"{&quot;background_background&quot;:&quot;classic&quot;}\">\n\t\t\t\t\t<div class=\"e-con-inner\">\n\t\t\t\t<div class=\"elementor-element elementor-element-e766740 elementor-widget elementor-widget-heading\" data-id=\"e766740\" data-element_type=\"widget\" data-widget_type=\"heading.default\">\n\t\t\t\t<div class=\"elementor-widget-container\">\n\t\t\t\t\t<h2 class=\"elementor-heading-title elementor-size-default\">Cabo Matxitxako<\/h2>\t\t\t\t<\/div>\n\t\t\t\t<\/div>\n\t\t\t\t\t<\/div>\n\t\t\t\t<\/div>\n\t\t<div class=\"elementor-element elementor-element-a2fb09a e-flex e-con-boxed e-con e-child\" data-id=\"a2fb09a\" data-element_type=\"container\" data-settings=\"{&quot;background_background&quot;:&quot;classic&quot;}\">\n\t\t\t\t\t<div class=\"e-con-inner\">\n\t\t\t\t\t<\/div>\n\t\t\t\t<\/div>\n\t\t\t\t<\/div>\n\t\t<div class=\"elementor-element elementor-element-d1fa2c5 e-flex e-con-boxed e-con e-parent\" data-id=\"d1fa2c5\" data-element_type=\"container\">\n\t\t\t\t\t<div class=\"e-con-inner\">\n\t\t\t\t<div class=\"elementor-element elementor-element-2a113f4 elementor-widget elementor-widget-heading\" data-id=\"2a113f4\" data-element_type=\"widget\" data-widget_type=\"heading.default\">\n\t\t\t\t<div class=\"elementor-widget-container\">\n\t\t\t\t\t<h2 class=\"elementor-heading-title elementor-size-default\">Es el punto m\u00e1s septentrional de la pen\u00ednsula. Los dos faros, tanto el nuevo como el antiguo, unidos a la fuerza de la naturaleza, convierten a este lugar en un espacio m\u00e1gico. Si quieres sentir la grandeza y enormidad del cielo y del mar, qu\u00e9date a contemplar el atardecer y las foto te saldr\u00e1 ella sola.<\/h2>\t\t\t\t<\/div>\n\t\t\t\t<\/div>\n\t\t\t\t<div class=\"elementor-element elementor-element-a3d6411 elementor-widget elementor-widget-image\" data-id=\"a3d6411\" data-element_type=\"widget\" data-widget_type=\"image.default\">\n\t\t\t\t<div class=\"elementor-widget-container\">\n\t\t\t\t\t\t\t\t\t\t\t\t\t\t\t<img fetchpriority=\"high\" decoding=\"async\" width=\"800\" height=\"301\" src=\"https:\/\/bizibermeo.normak.es\/wp-content\/uploads\/2024\/10\/matxitxako1-1024x385.webp\" class=\"attachment-large size-large wp-image-2457\" alt=\"\" srcset=\"https:\/\/bizibermeo.normak.es\/wp-content\/uploads\/2024\/10\/matxitxako1-1024x385.webp 1024w, https:\/\/bizibermeo.normak.es\/wp-content\/uploads\/2024\/10\/matxitxako1-300x113.webp 300w, https:\/\/bizibermeo.normak.es\/wp-content\/uploads\/2024\/10\/matxitxako1-768x289.webp 768w, https:\/\/bizibermeo.normak.es\/wp-content\/uploads\/2024\/10\/matxitxako1.webp 1062w\" sizes=\"(max-width: 800px) 100vw, 800px\" \/>\t\t\t\t\t\t\t\t\t\t\t\t\t\t\t<\/div>\n\t\t\t\t<\/div>\n\t\t\t\t\t<\/div>\n\t\t\t\t<\/div>\n\t\t<div class=\"elementor-element elementor-element-4056602 e-flex e-con-boxed e-con e-parent\" data-id=\"4056602\" data-element_type=\"container\">\n\t\t\t\t\t<div class=\"e-con-inner\">\n\t\t<div class=\"elementor-element elementor-element-78164bc e-con-full e-flex e-con e-child\" data-id=\"78164bc\" data-element_type=\"container\">\n\t\t\t\t<div class=\"elementor-element elementor-element-a5bcd52 elementor-widget elementor-widget-text-editor\" data-id=\"a5bcd52\" data-element_type=\"widget\" data-widget_type=\"text-editor.default\">\n\t\t\t\t<div class=\"elementor-widget-container\">\n\t\t\t\t\t\t\t\t\t<p>La bravura del mar de la costa de Bizkaia y los abundantes temporales han ocasionado muchos naufragios. Es mencionable por tr\u00e1gico lo acontecido el mediod\u00eda del S\u00e1bado Santo de 1878. El violento hurac\u00e1n hizo naufragar 14 bateles y 3 txalupas, ahog\u00e1ndose 85 hombres. Otra fecha para el recuerdo es la de la noche del 12 al 13 de agosto de 1912. Como consecuencia de la galerna fallecieron 116 bermeanos.<\/p>\n<p>As\u00ed, Bermeo ha tenido 3 faros para orientar a los marineros:<\/p>\n<p>El faro de Errosape (1912) situado al oeste de <a href=\"https:\/\/bizibermeo.normak.es\/es\/que-ver\/10-miradores\/\" target=\"_blank\" rel=\"noopener\">Lamiaran<\/a> Punta. La funci\u00f3n de esa se\u00f1al es la de facilitar el acceso al puerto. Su luz es blanca y roja, cada 6 segundos destellea 2 haces de luz, con un alcance de 9 millas.<\/p>\n<h5>El faro m\u00e1s antiguo se inaugur\u00f3 el 21 de agosto de 1852<\/h5>\n<p>El aparejador de la obra fue Juan Mart\u00ednez Apaicio y cost\u00f3 132.531 reales de la \u00e9poca, constru\u00eddo con piedra labrada de las canteras de Duranguesado, m\u00e1s el aparato \u00f3ptico que cost\u00f3233.796 reales. El faro de Matxitxako est\u00e1 ubicado en la punta m\u00e1s saliente del cabo. Atendiendo a su proyecci\u00f3n \u00f3ptica y geom\u00e9trica, el faro fue considerado de primera categor\u00eda, con el alcance de luz m\u00e1s grande, de 23 millas. Era de en tipo deluz blanca, que destelleaba cada 4 segundos. El alcance del foco de luz es de 79,42 metros por encima del nivel del mar. Ten\u00eda 3 vigilantes de torre y estuvo en marcha hasta diciembre de 1909. Desde entonces, esa antigua torre se utiliza como anti-nieblas.<\/p>\n\t\t\t\t\t\t\t\t<\/div>\n\t\t\t\t<\/div>\n\t\t\t\t<\/div>\n\t\t<div class=\"elementor-element elementor-element-1cfbac2 e-con-full e-flex e-con e-child\" data-id=\"1cfbac2\" data-element_type=\"container\">\n\t\t\t\t<div class=\"elementor-element elementor-element-bc16759 elementor-widget elementor-widget-image\" data-id=\"bc16759\" data-element_type=\"widget\" data-widget_type=\"image.default\">\n\t\t\t\t<div class=\"elementor-widget-container\">\n\t\t\t\t\t\t\t\t\t\t\t\t\t\t\t<img decoding=\"async\" width=\"625\" height=\"306\" src=\"https:\/\/bizibermeo.normak.es\/wp-content\/uploads\/2024\/10\/sanjuan2.webp\" class=\"attachment-large size-large wp-image-2472\" alt=\"\" srcset=\"https:\/\/bizibermeo.normak.es\/wp-content\/uploads\/2024\/10\/sanjuan2.webp 625w, https:\/\/bizibermeo.normak.es\/wp-content\/uploads\/2024\/10\/sanjuan2-300x147.webp 300w\" sizes=\"(max-width: 625px) 100vw, 625px\" \/>\t\t\t\t\t\t\t\t\t\t\t\t\t\t\t<\/div>\n\t\t\t\t<\/div>\n\t\t\t\t<div class=\"elementor-element elementor-element-49e3716 elementor-widget elementor-widget-text-editor\" data-id=\"49e3716\" data-element_type=\"widget\" data-widget_type=\"text-editor.default\">\n\t\t\t\t<div class=\"elementor-widget-container\">\n\t\t\t\t\t\t\t\t\t<p>El faro de Matxitxako actual est\u00e1 a 110 metros al sur. Se inaugur\u00f3 en 1909 y fue constru\u00eddo por el  conocido ingeniero Rafael de La Cerda.<\/p>\n<p>Se utiliz\u00f3 como escuela de fareros. La edificaci\u00f3n est\u00e1 compuesta de la casa del farero, almac\u00e9n y lugar de herramientas, con  planta rectangular. La entrada principal es de arco de medio punto. A su vez, las plantas y los baos est\u00e1n remarcados con molduras, rematados con calostras. Aparece la luz blanca cada 7 segundos y su alcance es de 35 millas. El plano del foco est\u00e1 ubicado a 122 metros sobre el nivel del mar y a 20,6 metros sobre la tierra. Su luz irradia desde Castro Urdiales hasta el r\u00edo Deba.<\/p>\n<p>Al hablar de Matxitxako no podemos dejar de mencionar la batalla que aconteci\u00f3 el 5 de marzo de 1937. 35 marineros de Itsas Gudaroste sacrificaron sus vidas en la batalla contra el buque acorazado Canarias de los que ese alzaron contra de la Rep\u00fablica.<\/p>\n\t\t\t\t\t\t\t\t<\/div>\n\t\t\t\t<\/div>\n\t\t\t\t<div class=\"elementor-element elementor-element-47a0eed elementor-share-buttons--view-icon elementor-share-buttons--skin-minimal elementor-share-buttons--shape-square elementor-grid-0 elementor-share-buttons--color-official elementor-widget elementor-widget-share-buttons\" data-id=\"47a0eed\" data-element_type=\"widget\" data-widget_type=\"share-buttons.default\">\n\t\t\t\t<div class=\"elementor-widget-container\">\n\t\t\t\t\t\t\t<div class=\"elementor-grid\">\n\t\t\t\t\t\t\t\t<div class=\"elementor-grid-item\">\n\t\t\t\t\t\t<div\n\t\t\t\t\t\t\tclass=\"elementor-share-btn elementor-share-btn_facebook\"\n\t\t\t\t\t\t\trole=\"button\"\n\t\t\t\t\t\t\ttabindex=\"0\"\n\t\t\t\t\t\t\taria-label=\"Compartir en facebook\"\n\t\t\t\t\t\t>\n\t\t\t\t\t\t\t\t\t\t\t\t\t\t\t<span class=\"elementor-share-btn__icon\">\n\t\t\t\t\t\t\t\t<svg class=\"e-font-icon-svg e-fab-facebook\" viewBox=\"0 0 512 512\" xmlns=\"http:\/\/www.w3.org\/2000\/svg\"><path d=\"M504 256C504 119 393 8 256 8S8 119 8 256c0 123.78 90.69 226.38 209.25 245V327.69h-63V256h63v-54.64c0-62.15 37-96.48 93.67-96.48 27.14 0 55.52 4.84 55.52 4.84v61h-31.28c-30.8 0-40.41 19.12-40.41 38.73V256h68.78l-11 71.69h-57.78V501C413.31 482.38 504 379.78 504 256z\"><\/path><\/svg>\t\t\t\t\t\t\t<\/span>\n\t\t\t\t\t\t\t\t\t\t\t\t\t\t\t\t\t\t\t\t<\/div>\n\t\t\t\t\t<\/div>\n\t\t\t\t\t\t\t\t\t<div class=\"elementor-grid-item\">\n\t\t\t\t\t\t<div\n\t\t\t\t\t\t\tclass=\"elementor-share-btn elementor-share-btn_twitter\"\n\t\t\t\t\t\t\trole=\"button\"\n\t\t\t\t\t\t\ttabindex=\"0\"\n\t\t\t\t\t\t\taria-label=\"Compartir en twitter\"\n\t\t\t\t\t\t>\n\t\t\t\t\t\t\t\t\t\t\t\t\t\t\t<span class=\"elementor-share-btn__icon\">\n\t\t\t\t\t\t\t\t<svg class=\"e-font-icon-svg e-fab-twitter\" viewBox=\"0 0 512 512\" xmlns=\"http:\/\/www.w3.org\/2000\/svg\"><path d=\"M459.37 151.716c.325 4.548.325 9.097.325 13.645 0 138.72-105.583 298.558-298.558 298.558-59.452 0-114.68-17.219-161.137-47.106 8.447.974 16.568 1.299 25.34 1.299 49.055 0 94.213-16.568 130.274-44.832-46.132-.975-84.792-31.188-98.112-72.772 6.498.974 12.995 1.624 19.818 1.624 9.421 0 18.843-1.3 27.614-3.573-48.081-9.747-84.143-51.98-84.143-102.985v-1.299c13.969 7.797 30.214 12.67 47.431 13.319-28.264-18.843-46.781-51.005-46.781-87.391 0-19.492 5.197-37.36 14.294-52.954 51.655 63.675 129.3 105.258 216.365 109.807-1.624-7.797-2.599-15.918-2.599-24.04 0-57.828 46.782-104.934 104.934-104.934 30.213 0 57.502 12.67 76.67 33.137 23.715-4.548 46.456-13.32 66.599-25.34-7.798 24.366-24.366 44.833-46.132 57.827 21.117-2.273 41.584-8.122 60.426-16.243-14.292 20.791-32.161 39.308-52.628 54.253z\"><\/path><\/svg>\t\t\t\t\t\t\t<\/span>\n\t\t\t\t\t\t\t\t\t\t\t\t\t\t\t\t\t\t\t\t<\/div>\n\t\t\t\t\t<\/div>\n\t\t\t\t\t\t\t\t\t<div class=\"elementor-grid-item\">\n\t\t\t\t\t\t<div\n\t\t\t\t\t\t\tclass=\"elementor-share-btn elementor-share-btn_whatsapp\"\n\t\t\t\t\t\t\trole=\"button\"\n\t\t\t\t\t\t\ttabindex=\"0\"\n\t\t\t\t\t\t\taria-label=\"Compartir en whatsapp\"\n\t\t\t\t\t\t>\n\t\t\t\t\t\t\t\t\t\t\t\t\t\t\t<span class=\"elementor-share-btn__icon\">\n\t\t\t\t\t\t\t\t<svg class=\"e-font-icon-svg e-fab-whatsapp\" viewBox=\"0 0 448 512\" xmlns=\"http:\/\/www.w3.org\/2000\/svg\"><path d=\"M380.9 97.1C339 55.1 283.2 32 223.9 32c-122.4 0-222 99.6-222 222 0 39.1 10.2 77.3 29.6 111L0 480l117.7-30.9c32.4 17.7 68.9 27 106.1 27h.1c122.3 0 224.1-99.6 224.1-222 0-59.3-25.2-115-67.1-157zm-157 341.6c-33.2 0-65.7-8.9-94-25.7l-6.7-4-69.8 18.3L72 359.2l-4.4-7c-18.5-29.4-28.2-63.3-28.2-98.2 0-101.7 82.8-184.5 184.6-184.5 49.3 0 95.6 19.2 130.4 54.1 34.8 34.9 56.2 81.2 56.1 130.5 0 101.8-84.9 184.6-186.6 184.6zm101.2-138.2c-5.5-2.8-32.8-16.2-37.9-18-5.1-1.9-8.8-2.8-12.5 2.8-3.7 5.6-14.3 18-17.6 21.8-3.2 3.7-6.5 4.2-12 1.4-32.6-16.3-54-29.1-75.5-66-5.7-9.8 5.7-9.1 16.3-30.3 1.8-3.7.9-6.9-.5-9.7-1.4-2.8-12.5-30.1-17.1-41.2-4.5-10.8-9.1-9.3-12.5-9.5-3.2-.2-6.9-.2-10.6-.2-3.7 0-9.7 1.4-14.8 6.9-5.1 5.6-19.4 19-19.4 46.3 0 27.3 19.9 53.7 22.6 57.4 2.8 3.7 39.1 59.7 94.8 83.8 35.2 15.2 49 16.5 66.6 13.9 10.7-1.6 32.8-13.4 37.4-26.4 4.6-13 4.6-24.1 3.2-26.4-1.3-2.5-5-3.9-10.5-6.6z\"><\/path><\/svg>\t\t\t\t\t\t\t<\/span>\n\t\t\t\t\t\t\t\t\t\t\t\t\t\t\t\t\t\t\t\t<\/div>\n\t\t\t\t\t<\/div>\n\t\t\t\t\t\t\t\t\t<div class=\"elementor-grid-item\">\n\t\t\t\t\t\t<div\n\t\t\t\t\t\t\tclass=\"elementor-share-btn elementor-share-btn_telegram\"\n\t\t\t\t\t\t\trole=\"button\"\n\t\t\t\t\t\t\ttabindex=\"0\"\n\t\t\t\t\t\t\taria-label=\"Compartir en telegram\"\n\t\t\t\t\t\t>\n\t\t\t\t\t\t\t\t\t\t\t\t\t\t\t<span class=\"elementor-share-btn__icon\">\n\t\t\t\t\t\t\t\t<svg class=\"e-font-icon-svg e-fab-telegram\" viewBox=\"0 0 496 512\" xmlns=\"http:\/\/www.w3.org\/2000\/svg\"><path d=\"M248 8C111 8 0 119 0 256s111 248 248 248 248-111 248-248S385 8 248 8zm121.8 169.9l-40.7 191.8c-3 13.6-11.1 16.9-22.4 10.5l-62-45.7-29.9 28.8c-3.3 3.3-6.1 6.1-12.5 6.1l4.4-63.1 114.9-103.8c5-4.4-1.1-6.9-7.7-2.5l-142 89.4-61.2-19.1c-13.3-4.2-13.6-13.3 2.8-19.7l239.1-92.2c11.1-4 20.8 2.7 17.2 19.5z\"><\/path><\/svg>\t\t\t\t\t\t\t<\/span>\n\t\t\t\t\t\t\t\t\t\t\t\t\t\t\t\t\t\t\t\t<\/div>\n\t\t\t\t\t<\/div>\n\t\t\t\t\t\t<\/div>\n\t\t\t\t\t\t<\/div>\n\t\t\t\t<\/div>\n\t\t\t\t<\/div>\n\t\t\t\t\t<\/div>\n\t\t\t\t<\/div>\n\t\t<div class=\"elementor-element elementor-element-cbf410f e-flex e-con-boxed e-con e-parent\" data-id=\"cbf410f\" data-element_type=\"container\" data-settings=\"{&quot;background_background&quot;:&quot;classic&quot;}\">\n\t\t\t\t\t<div class=\"e-con-inner\">\n\t\t<div class=\"elementor-element elementor-element-20e1cb0 e-con-full e-flex e-con e-child\" data-id=\"20e1cb0\" data-element_type=\"container\">\n\t\t\t\t<div class=\"elementor-element elementor-element-11691ff elementor-widget elementor-widget-image\" data-id=\"11691ff\" data-element_type=\"widget\" data-widget_type=\"image.default\">\n\t\t\t\t<div class=\"elementor-widget-container\">\n\t\t\t\t\t\t\t\t\t\t\t\t\t\t\t<img decoding=\"async\" width=\"531\" height=\"375\" src=\"https:\/\/bizibermeo.normak.es\/wp-content\/uploads\/2024\/10\/ibilbideak.webp\" class=\"attachment-large size-large wp-image-2463\" alt=\"\" srcset=\"https:\/\/bizibermeo.normak.es\/wp-content\/uploads\/2024\/10\/ibilbideak.webp 531w, https:\/\/bizibermeo.normak.es\/wp-content\/uploads\/2024\/10\/ibilbideak-300x212.webp 300w\" sizes=\"(max-width: 531px) 100vw, 531px\" \/>\t\t\t\t\t\t\t\t\t\t\t\t\t\t\t<\/div>\n\t\t\t\t<\/div>\n\t\t\t\t<\/div>\n\t\t<div class=\"elementor-element elementor-element-be13491 e-con-full e-flex e-con e-child\" data-id=\"be13491\" data-element_type=\"container\">\n\t\t\t\t<div class=\"elementor-element elementor-element-fb4bc2a elementor-widget elementor-widget-heading\" data-id=\"fb4bc2a\" data-element_type=\"widget\" data-widget_type=\"heading.default\">\n\t\t\t\t<div class=\"elementor-widget-container\">\n\t\t\t\t\t<h2 class=\"elementor-heading-title elementor-size-default\">Recorridos<\/h2>\t\t\t\t<\/div>\n\t\t\t\t<\/div>\n\t\t\t\t<div class=\"elementor-element elementor-element-38871ef elementor-widget elementor-widget-text-editor\" data-id=\"38871ef\" data-element_type=\"widget\" data-widget_type=\"text-editor.default\">\n\t\t\t\t<div class=\"elementor-widget-container\">\n\t\t\t\t\t\t\t\t\t<p><strong>Recorridos<\/strong><\/p>\n<p>Su paisaje inigualable y algunos tesoros arquitect\u00f3nicos hacen de estos recorridos una experiencia sin par. Para ello es preciso estar en una situaci\u00f3n f\u00edsica buena.<\/p>\n<p>No olvidarse de llevar calzado adecuado y agua para beber. Dado que es un entorno protegido, cuidar de los animales, las plantas y perservar la paz es responsabilidad de todos. Gestionar la basura tambi\u00e9n es responsabilidad de uno mismo.<\/p>\n<p><a style=\"color: #ffff99;\" href=\"https:\/\/bizibermeo.normak.es\/wp-content\/uploads\/2024\/11\/Gaztelugatxe_eta_Matxikako-Planoa-comprimido.pdf\" target=\"_blank\" rel=\"noopener\">Descargar el plano en PDF<\/a><\/p>\n\t\t\t\t\t\t\t\t<\/div>\n\t\t\t\t<\/div>\n\t\t\t\t<\/div>\n\t\t\t\t\t<\/div>\n\t\t\t\t<\/div>\n\t\t\t\t<\/div>\n\t\t","protected":false},"excerpt":{"rendered":"<p>Es el punto m\u00e1s septentrional de la pen\u00ednsula. Los dos faros, tanto el nuevo como el antiguo, unidos a la fuerza de la naturaleza, convierten a este lugar en un espacio m\u00e1gico. Si quieres sentir la grandeza y enormidad del cielo y del mar, qu\u00e9date a contemplar el atardecer y las foto te saldr\u00e1 ella [&hellip;]<\/p>\n","protected":false},"author":1,"featured_media":2454,"parent":4526,"menu_order":3,"comment_status":"closed","ping_status":"closed","template":"elementor_header_footer","meta":{"_acf_changed":false,"footnotes":""},"class_list":["post-4489","page","type-page","status-publish","has-post-thumbnail","hentry"],"acf":[],"_links":{"self":[{"href":"https:\/\/bizibermeo.normak.es\/es\/wp-json\/wp\/v2\/pages\/4489","targetHints":{"allow":["GET"]}}],"collection":[{"href":"https:\/\/bizibermeo.normak.es\/es\/wp-json\/wp\/v2\/pages"}],"about":[{"href":"https:\/\/bizibermeo.normak.es\/es\/wp-json\/wp\/v2\/types\/page"}],"author":[{"embeddable":true,"href":"https:\/\/bizibermeo.normak.es\/es\/wp-json\/wp\/v2\/users\/1"}],"replies":[{"embeddable":true,"href":"https:\/\/bizibermeo.normak.es\/es\/wp-json\/wp\/v2\/comments?post=4489"}],"version-history":[{"count":2,"href":"https:\/\/bizibermeo.normak.es\/es\/wp-json\/wp\/v2\/pages\/4489\/revisions"}],"predecessor-version":[{"id":4749,"href":"https:\/\/bizibermeo.normak.es\/es\/wp-json\/wp\/v2\/pages\/4489\/revisions\/4749"}],"up":[{"embeddable":true,"href":"https:\/\/bizibermeo.normak.es\/es\/wp-json\/wp\/v2\/pages\/4526"}],"wp:featuredmedia":[{"embeddable":true,"href":"https:\/\/bizibermeo.normak.es\/es\/wp-json\/wp\/v2\/media\/2454"}],"wp:attachment":[{"href":"https:\/\/bizibermeo.normak.es\/es\/wp-json\/wp\/v2\/media?parent=4489"}],"curies":[{"name":"wp","href":"https:\/\/api.w.org\/{rel}","templated":true}]}}