{"id":4430,"date":"2024-10-07T12:55:09","date_gmt":"2024-10-07T11:55:09","guid":{"rendered":"https:\/\/bizibermeo.normak.es\/como-visitar-gaztelugatxe\/"},"modified":"2024-11-07T16:36:04","modified_gmt":"2024-11-07T15:36:04","slug":"como-visitar-gaztelugatxe","status":"publish","type":"page","link":"https:\/\/bizibermeo.normak.es\/es\/que-ver\/como-visitar-gaztelugatxe\/","title":{"rendered":"C\u00f3mo visitar Gaztelugatxe"},"content":{"rendered":"\t\t<div data-elementor-type=\"wp-page\" data-elementor-id=\"4430\" class=\"elementor elementor-4430 elementor-121\" data-elementor-post-type=\"page\">\n\t\t\t\t<div class=\"elementor-element elementor-element-4899f7c8 e-con-full e-flex e-con e-child\" data-id=\"4899f7c8\" data-element_type=\"container\">\n\t\t<div class=\"elementor-element elementor-element-2501ddd2 e-flex e-con-boxed e-con e-child\" data-id=\"2501ddd2\" data-element_type=\"container\" data-settings=\"{&quot;background_background&quot;:&quot;classic&quot;}\">\n\t\t\t\t\t<div class=\"e-con-inner\">\n\t\t\t\t<div class=\"elementor-element elementor-element-770aa844 elementor-widget elementor-widget-heading\" data-id=\"770aa844\" data-element_type=\"widget\" data-widget_type=\"heading.default\">\n\t\t\t\t<div class=\"elementor-widget-container\">\n\t\t\t\t\t<h2 class=\"elementor-heading-title elementor-size-default\">C\u00f3mo visitar Gaztelugatxe<\/h2>\t\t\t\t<\/div>\n\t\t\t\t<\/div>\n\t\t\t\t\t<\/div>\n\t\t\t\t<\/div>\n\t\t<div class=\"elementor-element elementor-element-6a18dfda e-flex e-con-boxed e-con e-child\" data-id=\"6a18dfda\" data-element_type=\"container\" data-settings=\"{&quot;background_background&quot;:&quot;classic&quot;}\">\n\t\t\t\t\t<div class=\"e-con-inner\">\n\t\t\t\t\t<\/div>\n\t\t\t\t<\/div>\n\t\t\t\t<\/div>\n\t\t<div class=\"elementor-element elementor-element-000b11e e-flex e-con-boxed e-con e-parent\" data-id=\"000b11e\" data-element_type=\"container\">\n\t\t\t\t\t<div class=\"e-con-inner\">\n\t\t\t\t<div class=\"elementor-element elementor-element-b2edee3 elementor-widget elementor-widget-heading\" data-id=\"b2edee3\" data-element_type=\"widget\" data-widget_type=\"heading.default\">\n\t\t\t\t<div class=\"elementor-widget-container\">\n\t\t\t\t\t<h2 class=\"elementor-heading-title elementor-size-default\">San Juan de Gaztelugatxe \u00a1Una visita inolvidable!<\/h2>\t\t\t\t<\/div>\n\t\t\t\t<\/div>\n\t\t\t\t<div class=\"elementor-element elementor-element-7398f18 elementor-widget elementor-widget-text-editor\" data-id=\"7398f18\" data-element_type=\"widget\" data-widget_type=\"text-editor.default\">\n\t\t\t\t<div class=\"elementor-widget-container\">\n\t\t\t\t\t\t\t\t\tRecomendaciones y consejos a tener en cuenta a la hora de visitar Gaztelugatxe.\t\t\t\t\t\t\t\t<\/div>\n\t\t\t\t<\/div>\n\t\t<div class=\"elementor-element elementor-element-542c18c e-con-full e-flex e-con e-child\" data-id=\"542c18c\" data-element_type=\"container\" data-settings=\"{&quot;background_background&quot;:&quot;classic&quot;}\">\n\t\t\t\t<div class=\"elementor-element elementor-element-0cd28f7 elementor-widget elementor-widget-text-editor\" data-id=\"0cd28f7\" data-element_type=\"widget\" data-widget_type=\"text-editor.default\">\n\t\t\t\t<div class=\"elementor-widget-container\">\n\t\t\t\t\t\t\t\t\t<strong>A tener en cuenta:<\/strong>\r\n<ol>\r\n \t<li>El recorrido a pie requiere esfuerzo f\u00edsico, la bajada del acantilado hasta llegar a las escaleras de la ermita, la misma escalera (241 pelda\u00f1os), y la vuelta del mismo recorrido.<\/li>\r\n \t<li>Este recorrido a pie dura alrededor de 1hora 30 minutos.<\/li>\r\n \t<li>Si tienes problemas de salud relacionados con el coraz\u00f3n, insuficiencia respiratoria o movilidad reducida, no recomendamos esta excursi\u00f3n.<\/li>\r\n \t<li>Antes de iniciar la excursi\u00f3n, recuerda aplicarte crema solar y llevar agua para hidratarte. Imprescindible calzado adecuado para caminar<\/li>\r\n<\/ol>\t\t\t\t\t\t\t\t<\/div>\n\t\t\t\t<\/div>\n\t\t\t\t<\/div>\n\t\t\t\t\t<\/div>\n\t\t\t\t<\/div>\n\t\t<div class=\"elementor-element elementor-element-732c1eb e-flex e-con-boxed e-con e-parent\" data-id=\"732c1eb\" data-element_type=\"container\">\n\t\t\t\t\t<div class=\"e-con-inner\">\n\t\t<div class=\"elementor-element elementor-element-01e3472 e-con-full e-flex e-con e-child\" data-id=\"01e3472\" data-element_type=\"container\">\n\t\t\t\t<div class=\"elementor-element elementor-element-c47f5b6 elementor-widget elementor-widget-image\" data-id=\"c47f5b6\" data-element_type=\"widget\" data-widget_type=\"image.default\">\n\t\t\t\t<div class=\"elementor-widget-container\">\n\t\t\t\t\t\t\t\t\t\t\t\t\t\t\t<img decoding=\"async\" src=\"https:\/\/bizibermeo.normak.es\/wp-content\/uploads\/elementor\/thumbs\/bisita1-qvfe0voriof4l1n2vp6y04ra871y20qsv9zvpmf6d4.webp\" title=\"bisita1\" alt=\"bisita1\" loading=\"lazy\" \/>\t\t\t\t\t\t\t\t\t\t\t\t\t\t\t<\/div>\n\t\t\t\t<\/div>\n\t\t\t\t<\/div>\n\t\t<div class=\"elementor-element elementor-element-42c5a70 e-con-full e-flex e-con e-child\" data-id=\"42c5a70\" data-element_type=\"container\">\n\t\t\t\t<div class=\"elementor-element elementor-element-be052dc elementor-widget elementor-widget-heading\" data-id=\"be052dc\" data-element_type=\"widget\" data-widget_type=\"heading.default\">\n\t\t\t\t<div class=\"elementor-widget-container\">\n\t\t\t\t\t<h2 class=\"elementor-heading-title elementor-size-default\">1. Tickets para visitar San Juan de Gaztelugatxe<\/h2>\t\t\t\t<\/div>\n\t\t\t\t<\/div>\n\t\t\t\t<div class=\"elementor-element elementor-element-1864358 elementor-widget elementor-widget-text-editor\" data-id=\"1864358\" data-element_type=\"widget\" data-widget_type=\"text-editor.default\">\n\t\t\t\t<div class=\"elementor-widget-container\">\n\t\t\t\t\t\t\t\t\t<p>En temporada alta, y en los fines de semana, festivos y puentes de temporada media, es obligatorio disponer de un ticket gratuito para poder visitar Gaztelugatxe.<\/p>\n<p><a href=\"https:\/\/www.bizkaia.eus\/eu\/gaztelugatxe\" target=\"_blank\" rel=\"noopener\">Consigue tu ticket aqu\u00ed<\/a><\/p>\n\t\t\t\t\t\t\t\t<\/div>\n\t\t\t\t<\/div>\n\t\t\t\t<\/div>\n\t\t\t\t\t<\/div>\n\t\t\t\t<\/div>\n\t\t<div class=\"elementor-element elementor-element-2f2328d e-flex e-con-boxed e-con e-parent\" data-id=\"2f2328d\" data-element_type=\"container\">\n\t\t\t\t\t<div class=\"e-con-inner\">\n\t\t<div class=\"elementor-element elementor-element-75512df e-con-full e-flex e-con e-child\" data-id=\"75512df\" data-element_type=\"container\">\n\t\t\t\t<div class=\"elementor-element elementor-element-2a78bce elementor-widget elementor-widget-image\" data-id=\"2a78bce\" data-element_type=\"widget\" data-widget_type=\"image.default\">\n\t\t\t\t<div class=\"elementor-widget-container\">\n\t\t\t\t\t\t\t\t\t\t\t\t\t\t\t<img decoding=\"async\" src=\"https:\/\/bizibermeo.normak.es\/wp-content\/uploads\/elementor\/thumbs\/bisita2-qvfe0xkfwchp89kckq0754a7eysohey9jjauo6ce0o.webp\" title=\"bisita2\" alt=\"bisita2\" loading=\"lazy\" \/>\t\t\t\t\t\t\t\t\t\t\t\t\t\t\t<\/div>\n\t\t\t\t<\/div>\n\t\t\t\t<\/div>\n\t\t<div class=\"elementor-element elementor-element-ace52fe e-con-full e-flex e-con e-child\" data-id=\"ace52fe\" data-element_type=\"container\">\n\t\t\t\t<div class=\"elementor-element elementor-element-288bd68 elementor-widget elementor-widget-heading\" data-id=\"288bd68\" data-element_type=\"widget\" data-widget_type=\"heading.default\">\n\t\t\t\t<div class=\"elementor-widget-container\">\n\t\t\t\t\t<h2 class=\"elementor-heading-title elementor-size-default\">2. Autobuses para visitar Gaztelugatxe con gu\u00eda tur\u00edstica acompa\u00f1ante (En Semama Santa y en verano)<\/h2>\t\t\t\t<\/div>\n\t\t\t\t<\/div>\n\t\t\t\t<div class=\"elementor-element elementor-element-eecd640 elementor-widget elementor-widget-text-editor\" data-id=\"eecd640\" data-element_type=\"widget\" data-widget_type=\"text-editor.default\">\n\t\t\t\t<div class=\"elementor-widget-container\">\n\t\t\t\t\t\t\t\t\t<p>En esta visita, el visitante podr\u00e1 conocer mejor la identidad de San Juan de Gaztelugatxe a trav\u00e9s de las creencias, ritos y costumbres de los bermeanos, visitando tambi\u00e9n la ermita, parte y esencia de San Juan de Bermeo en Gaztelugatxe.<\/p>\n<p>Al mismo tiempo, se conocer\u00e1n las peculiaridades ambientales de San Juan de Gaztelugatxe. Este entorno protegido debemos cuidarlo entre todos y con este servicio se pretende impulsar la experiencia de San Juan de Gaztelugatxe desde una perspectiva ecotur\u00edstica.<\/p>\n\t\t\t\t\t\t\t\t<\/div>\n\t\t\t\t<\/div>\n\t\t\t\t<\/div>\n\t\t\t\t\t<\/div>\n\t\t\t\t<\/div>\n\t\t\t\t<\/div>\n\t\t","protected":false},"excerpt":{"rendered":"<p>San Juan de Gaztelugatxe \u00a1Una visita inolvidable! Recomendaciones y consejos a tener en cuenta a la hora de visitar Gaztelugatxe.A tener en cuenta: El recorrido a pie requiere esfuerzo f\u00edsico, la bajada del acantilado hasta llegar a las escaleras de la ermita, la misma escalera (241 pelda\u00f1os), y la vuelta del mismo recorrido. Este recorrido [&hellip;]<\/p>\n","protected":false},"author":1,"featured_media":2484,"parent":4526,"menu_order":2,"comment_status":"closed","ping_status":"closed","template":"elementor_header_footer","meta":{"_acf_changed":false,"footnotes":""},"class_list":["post-4430","page","type-page","status-publish","has-post-thumbnail","hentry"],"acf":[],"_links":{"self":[{"href":"https:\/\/bizibermeo.normak.es\/es\/wp-json\/wp\/v2\/pages\/4430","targetHints":{"allow":["GET"]}}],"collection":[{"href":"https:\/\/bizibermeo.normak.es\/es\/wp-json\/wp\/v2\/pages"}],"about":[{"href":"https:\/\/bizibermeo.normak.es\/es\/wp-json\/wp\/v2\/types\/page"}],"author":[{"embeddable":true,"href":"https:\/\/bizibermeo.normak.es\/es\/wp-json\/wp\/v2\/users\/1"}],"replies":[{"embeddable":true,"href":"https:\/\/bizibermeo.normak.es\/es\/wp-json\/wp\/v2\/comments?post=4430"}],"version-history":[{"count":2,"href":"https:\/\/bizibermeo.normak.es\/es\/wp-json\/wp\/v2\/pages\/4430\/revisions"}],"predecessor-version":[{"id":4746,"href":"https:\/\/bizibermeo.normak.es\/es\/wp-json\/wp\/v2\/pages\/4430\/revisions\/4746"}],"up":[{"embeddable":true,"href":"https:\/\/bizibermeo.normak.es\/es\/wp-json\/wp\/v2\/pages\/4526"}],"wp:featuredmedia":[{"embeddable":true,"href":"https:\/\/bizibermeo.normak.es\/es\/wp-json\/wp\/v2\/media\/2484"}],"wp:attachment":[{"href":"https:\/\/bizibermeo.normak.es\/es\/wp-json\/wp\/v2\/media?parent=4430"}],"curies":[{"name":"wp","href":"https:\/\/api.w.org\/{rel}","templated":true}]}}