{"id":4427,"date":"2024-10-11T12:23:12","date_gmt":"2024-10-11T11:23:12","guid":{"rendered":"https:\/\/bizibermeo.normak.es\/san-juan-de-gaztelugatxe\/"},"modified":"2024-11-07T16:30:06","modified_gmt":"2024-11-07T15:30:06","slug":"san-juan-de-gaztelugatxe","status":"publish","type":"page","link":"https:\/\/bizibermeo.normak.es\/es\/que-ver\/san-juan-de-gaztelugatxe\/","title":{"rendered":"San Juan de Gaztelugatxe"},"content":{"rendered":"\t\t<div data-elementor-type=\"wp-page\" data-elementor-id=\"4427\" class=\"elementor elementor-4427 elementor-1547\" data-elementor-post-type=\"page\">\n\t\t\t\t<div class=\"elementor-element elementor-element-411cde52 e-con-full e-flex e-con e-child\" data-id=\"411cde52\" data-element_type=\"container\">\n\t\t<div class=\"elementor-element elementor-element-68b1216d e-flex e-con-boxed e-con e-child\" data-id=\"68b1216d\" data-element_type=\"container\" data-settings=\"{&quot;background_background&quot;:&quot;classic&quot;}\">\n\t\t\t\t\t<div class=\"e-con-inner\">\n\t\t\t\t<div class=\"elementor-element elementor-element-579e5d8 elementor-widget elementor-widget-heading\" data-id=\"579e5d8\" data-element_type=\"widget\" data-widget_type=\"heading.default\">\n\t\t\t\t<div class=\"elementor-widget-container\">\n\t\t\t\t\t<h2 class=\"elementor-heading-title elementor-size-default\">San Juan de Gaztelugatxe<\/h2>\t\t\t\t<\/div>\n\t\t\t\t<\/div>\n\t\t\t\t\t<\/div>\n\t\t\t\t<\/div>\n\t\t<div class=\"elementor-element elementor-element-16730b2b e-flex e-con-boxed e-con e-child\" data-id=\"16730b2b\" data-element_type=\"container\" data-settings=\"{&quot;background_background&quot;:&quot;classic&quot;}\">\n\t\t\t\t\t<div class=\"e-con-inner\">\n\t\t\t\t\t<\/div>\n\t\t\t\t<\/div>\n\t\t\t\t<\/div>\n\t\t<div class=\"elementor-element elementor-element-64a0dff e-flex e-con-boxed e-con e-parent\" data-id=\"64a0dff\" data-element_type=\"container\">\n\t\t\t\t\t<div class=\"e-con-inner\">\n\t\t\t\t<div class=\"elementor-element elementor-element-e468a80 elementor-widget elementor-widget-heading\" data-id=\"e468a80\" data-element_type=\"widget\" data-widget_type=\"heading.default\">\n\t\t\t\t<div class=\"elementor-widget-container\">\n\t\t\t\t\t<h2 class=\"elementor-heading-title elementor-size-default\">Gaztelugatxe, lugar m\u00e1gico. Isla surgida de las innumerables batallas entre la tierra y el mar. De belleza natural, con  arcos y cuevas cinceladas a trav\u00e9s de los siglos, nunca defrauda al visitante.<\/h2>\t\t\t\t<\/div>\n\t\t\t\t<\/div>\n\t\t\t\t<div class=\"elementor-element elementor-element-9415b45 elementor-align-center elementor-widget elementor-widget-button\" data-id=\"9415b45\" data-element_type=\"widget\" data-widget_type=\"button.default\">\n\t\t\t\t<div class=\"elementor-widget-container\">\n\t\t\t\t\t\t\t\t\t<div class=\"elementor-button-wrapper\">\n\t\t\t\t\t<a class=\"elementor-button elementor-button-link elementor-size-sm\" href=\"https:\/\/bizibermeo.normak.es\/es\/que-ver\/como-visitar-gaztelugatxe\/\">\n\t\t\t\t\t\t<span class=\"elementor-button-content-wrapper\">\n\t\t\t\t\t\t\t\t\t<span class=\"elementor-button-text\">Visita Gaztelugatxe<\/span>\n\t\t\t\t\t<\/span>\n\t\t\t\t\t<\/a>\n\t\t\t\t<\/div>\n\t\t\t\t\t\t\t\t<\/div>\n\t\t\t\t<\/div>\n\t\t\t\t<div class=\"elementor-element elementor-element-ceb7019 elementor-widget elementor-widget-image\" data-id=\"ceb7019\" data-element_type=\"widget\" data-widget_type=\"image.default\">\n\t\t\t\t<div class=\"elementor-widget-container\">\n\t\t\t\t\t\t\t\t\t\t\t\t\t\t\t<img fetchpriority=\"high\" decoding=\"async\" width=\"800\" height=\"301\" src=\"https:\/\/bizibermeo.normak.es\/wp-content\/uploads\/2024\/10\/sanjuan3-1024x385.webp\" class=\"attachment-large size-large wp-image-2475\" alt=\"\" srcset=\"https:\/\/bizibermeo.normak.es\/wp-content\/uploads\/2024\/10\/sanjuan3-1024x385.webp 1024w, https:\/\/bizibermeo.normak.es\/wp-content\/uploads\/2024\/10\/sanjuan3-300x113.webp 300w, https:\/\/bizibermeo.normak.es\/wp-content\/uploads\/2024\/10\/sanjuan3-768x289.webp 768w, https:\/\/bizibermeo.normak.es\/wp-content\/uploads\/2024\/10\/sanjuan3.webp 1062w\" sizes=\"(max-width: 800px) 100vw, 800px\" \/>\t\t\t\t\t\t\t\t\t\t\t\t\t\t\t<\/div>\n\t\t\t\t<\/div>\n\t\t\t\t\t<\/div>\n\t\t\t\t<\/div>\n\t\t<div class=\"elementor-element elementor-element-a7a3ef2 e-flex e-con-boxed e-con e-parent\" data-id=\"a7a3ef2\" data-element_type=\"container\">\n\t\t\t\t\t<div class=\"e-con-inner\">\n\t\t<div class=\"elementor-element elementor-element-404019f e-con-full e-flex e-con e-child\" data-id=\"404019f\" data-element_type=\"container\">\n\t\t<div class=\"elementor-element elementor-element-f786ede e-con-full e-flex e-con e-child\" data-id=\"f786ede\" data-element_type=\"container\" data-settings=\"{&quot;background_background&quot;:&quot;classic&quot;}\">\n\t\t\t\t<div class=\"elementor-element elementor-element-b132414 elementor-absolute elementor-widget elementor-widget-button\" data-id=\"b132414\" data-element_type=\"widget\" data-settings=\"{&quot;_position&quot;:&quot;absolute&quot;}\" data-widget_type=\"button.default\">\n\t\t\t\t<div class=\"elementor-widget-container\">\n\t\t\t\t\t\t\t\t\t<div class=\"elementor-button-wrapper\">\n\t\t\t\t\t<a class=\"elementor-button elementor-size-sm\" role=\"button\">\n\t\t\t\t\t\t<span class=\"elementor-button-content-wrapper\">\n\t\t\t\t\t\t\t\t\t<span class=\"elementor-button-text\">Informaci\u00f3n<\/span>\n\t\t\t\t\t<\/span>\n\t\t\t\t\t<\/a>\n\t\t\t\t<\/div>\n\t\t\t\t\t\t\t\t<\/div>\n\t\t\t\t<\/div>\n\t\t\t\t<div class=\"elementor-element elementor-element-7047fa2 elementor-widget elementor-widget-text-editor\" data-id=\"7047fa2\" data-element_type=\"widget\" data-widget_type=\"text-editor.default\">\n\t\t\t\t<div class=\"elementor-widget-container\">\n\t\t\t\t\t\t\t\t\t<p><strong>Ten en cuenta a la hora de visitar este maravilloso lugar costero:<\/strong><\/p>\n<ol>\n<li>Est\u00e1 ubicado en en un biotopo, por lo que es responsabilidad de todos y todas cuidarlo y conservarlo.<\/li>\n<li>Hay dos opciones para visitar Gaztelugatxe: en SEMANA SANTA, JULIO Y AGOSTO, tienes la posibilidad de ir en autob\u00fas y con una gu\u00eda para conocer mejor Gaztelugatxe, de esta forma no tienes la responsabilidad de reservar el ticket, al hacer la reserva online est\u00e1n todos los servicios incluidos: <a href=\"https:\/\/entradium.com\/es\/events\/visitas-a-san-juan-de-gaztelugatxe\" target=\"_blank\" rel=\"noopener\">compra tu ticket aqu\u00ed<\/a>. La otra opci\u00f3n es ir por tu cuenta, para ello es necesario reservar tu ticket gratuito en la siguiente p\u00e1gina:\u00a0<a href=\"https:\/\/www.bizkaia.eus\/eu\/gaztelugatxe\" target=\"_blank\" rel=\"noopener\">www.bizkaia.eus\/eu\/gaztelugatxe<\/a><\/li>\n<li>Deja tu coche aparcado en Bermeo y utiliza el transporte p\u00fablico.<\/li>\n<li>El recorrido requiere de cierto esfuerzo f\u00edsico, por lo que conviene conocer las limitaciones de cada uno. No olvidarse de llevar calzado adecuado y agua para beber.<\/li>\n<li>Las horas del mediod\u00eda son las m\u00e1s frecuentadas, sobre todo en verano y en d\u00edas festivos.<\/li>\n<li>\u00bfQuieres visitar este lugar por mar? Los barcos salen del puerto de Bermeo: <a href=\"https:\/\/bizibermeo.normak.es\/es\/que-hacer\/turismo-activo-en-bermeo-por-tierra-y-por-mar\/\">Salidas en barco<\/a><\/li>\n<li>Si deseas alg\u00fan recuerdo de San Juan, puedes pedir los San Juan Oinatzak (Las Huellas de San Juan) en la pasteler\u00eda Gaztelugatxe de Bermeo<\/li>\n<li>Los d\u00edas que se celebran misas: el 24 de junio, el 31 de julio, el 29 de agosto y el 30 de diciembre.<\/li>\n<li>Bajo las aguas submarinas se encentra la imagen de la Virgen de Bego\u00f1a de Lucarini. Si no eres submarinista hay una r\u00e9plica en la iglesia de San Francisco de Bermeo.<\/li>\n<\/ol>\n\t\t\t\t\t\t\t\t<\/div>\n\t\t\t\t<\/div>\n\t\t\t\t<\/div>\n\t\t\t\t<\/div>\n\t\t<div class=\"elementor-element elementor-element-05ea3dc e-con-full e-flex e-con e-child\" data-id=\"05ea3dc\" data-element_type=\"container\">\n\t\t\t\t<div class=\"elementor-element elementor-element-64dcef3 elementor-widget elementor-widget-text-editor\" data-id=\"64dcef3\" data-element_type=\"widget\" data-widget_type=\"text-editor.default\">\n\t\t\t\t<div class=\"elementor-widget-container\">\n\t\t\t\t\t\t\t\t\t<p>En sus profundidades el mar esconde arrecifes llenos de color y la imagen de la Virgen de Bego\u00f1a. Fue refugio de m\u00faltiples batallas, por ejemplo, de la resistencia contra la Corona de Castilla. Al mismo tiempo, desde la Edad Media es un referente de las creencias y costumbres religiosas.<\/p>\n<h5>Es el lugar de peregrinaci\u00f3n m\u00e1s multitudinario de la Costa Vasca, siendo el d\u00eda m\u00e1s importante el 24 de junio.<br \/>\n\u200b<br \/>\nEl d\u00eda de San Juan la mayor\u00eda se aproxima a pasar un d\u00eda festivo, pero existe a\u00fan un n\u00famero considerable de gente que acude a cumplir promesas o a agradecer al santo.<\/h5>\n\t\t\t\t\t\t\t\t<\/div>\n\t\t\t\t<\/div>\n\t\t\t\t<div class=\"elementor-element elementor-element-0ab9228 elementor-widget elementor-widget-image\" data-id=\"0ab9228\" data-element_type=\"widget\" data-widget_type=\"image.default\">\n\t\t\t\t<div class=\"elementor-widget-container\">\n\t\t\t\t\t\t\t\t\t\t\t\t\t\t\t<img decoding=\"async\" width=\"625\" height=\"306\" src=\"https:\/\/bizibermeo.normak.es\/wp-content\/uploads\/2024\/10\/sanjuan2.webp\" class=\"attachment-large size-large wp-image-2472\" alt=\"\" srcset=\"https:\/\/bizibermeo.normak.es\/wp-content\/uploads\/2024\/10\/sanjuan2.webp 625w, https:\/\/bizibermeo.normak.es\/wp-content\/uploads\/2024\/10\/sanjuan2-300x147.webp 300w\" sizes=\"(max-width: 625px) 100vw, 625px\" \/>\t\t\t\t\t\t\t\t\t\t\t\t\t\t\t<\/div>\n\t\t\t\t<\/div>\n\t\t\t\t<div class=\"elementor-element elementor-element-b56c98f elementor-widget elementor-widget-text-editor\" data-id=\"b56c98f\" data-element_type=\"widget\" data-widget_type=\"text-editor.default\">\n\t\t\t\t<div class=\"elementor-widget-container\">\n\t\t\t\t\t\t\t\t\t<p>Los rituales religiosos de Gaztelugatxe van intr\u00ednsecamente unidos al mar. Dentro de la ermita se pueden ver objetos colgados: maquetas de barcos, pinturas, fotos\u2026 Son ofrendas que hacen los marineros y pescadores al santo como agradecimiento de que la embarcaci\u00f3n est\u00e9 protegida.<\/p>\n<p>Al inicio de la costera del bonito del norte, los pescadores y neskatillas acostumbran a ir a Gaztelugatxe a pedir salud, buen tiempo y buena pesca. El ritual de petici\u00f3n tambi\u00e9n se hace desde el mar. Es por ello que los marineros\/pescadores llevan sus embarcaciones a las inmediaciones de Gaztelugatxe para \u201chacer lo que hay que hacer\u201d: tres vueltas a babor y tres a estribor. Hay quien lanza la hierba de San Juan desde cubierta tras quemarla en una sart\u00e9n. En la actualidad los buques atuneros m\u00e1s punteros, que pasan controles muy rigurosos y tienen instaladas las tecnolog\u00edas m\u00e1s innovadoras, antes de zarpar hacia el Tr\u00f3pico vienen a San Juan a llevar a cabo este ritual ancestral.<\/p>\n<p>Es preciso subir 241 escaleras para llegar a la cima de Gaztelugatxe. Seg\u00fan cuenta la leyenda, el santo unicamente necesit\u00f3 de tres pasos para llegar desde Bermeo a la ermita. \u00bfViste su huella en la roca? Se dice que la primera huella est\u00e1 en Bermeo, en la <a href=\"https:\/\/bizibermeo.normak.es\/es\/zer-ikusi\/arco-de-san-juan\/\" target=\"_blank\" rel=\"noopener\">Puerta de San Juan<\/a> de la antigua muralla y que el que introduce su pie en estas huellas no sufrir\u00e1 de callosidades durante todo el a\u00f1o.<\/p>\n\t\t\t\t\t\t\t\t<\/div>\n\t\t\t\t<\/div>\n\t\t\t\t<div class=\"elementor-element elementor-element-68a1242 elementor-widget elementor-widget-heading\" data-id=\"68a1242\" data-element_type=\"widget\" data-widget_type=\"heading.default\">\n\t\t\t\t<div class=\"elementor-widget-container\">\n\t\t\t\t\t<h2 class=\"elementor-heading-title elementor-size-default\">Isla de Akatz<\/h2>\t\t\t\t<\/div>\n\t\t\t\t<\/div>\n\t\t\t\t<div class=\"elementor-element elementor-element-36404c3 elementor-widget elementor-widget-image\" data-id=\"36404c3\" data-element_type=\"widget\" data-widget_type=\"image.default\">\n\t\t\t\t<div class=\"elementor-widget-container\">\n\t\t\t\t\t\t\t\t\t\t\t\t\t\t\t<img decoding=\"async\" width=\"367\" height=\"240\" src=\"https:\/\/bizibermeo.normak.es\/wp-content\/uploads\/2024\/10\/sanjuan1.webp\" class=\"attachment-large size-large wp-image-2469\" alt=\"\" srcset=\"https:\/\/bizibermeo.normak.es\/wp-content\/uploads\/2024\/10\/sanjuan1.webp 367w, https:\/\/bizibermeo.normak.es\/wp-content\/uploads\/2024\/10\/sanjuan1-300x196.webp 300w\" sizes=\"(max-width: 367px) 100vw, 367px\" \/>\t\t\t\t\t\t\t\t\t\t\t\t\t\t\t<\/div>\n\t\t\t\t<\/div>\n\t\t\t\t<div class=\"elementor-element elementor-element-b1fcfd5 elementor-widget elementor-widget-text-editor\" data-id=\"b1fcfd5\" data-element_type=\"widget\" data-widget_type=\"text-editor.default\">\n\t\t\t\t<div class=\"elementor-widget-container\">\n\t\t\t\t\t\t\t\t\t<p>La isla de Akatx o Aketx es el santuario de un gran tesoro ya que es el h\u00e1bitat  del p\u00e1jaro de las tormentas (Hydrobates pelagicus). No es f\u00e1cil divisar este p\u00e1jaro nocturno diminuto a no ser cuando hay tormenta, ya que ese acerca a la costa a por protecci\u00f3n. Otra curiosidad es que en Akatx hay cierto n\u00famero de olivos salvajes. Estos \u00e1rboles son las reminiscencias de un clima mucho m\u00e1s suave.<\/p>\n\t\t\t\t\t\t\t\t<\/div>\n\t\t\t\t<\/div>\n\t\t\t\t<div class=\"elementor-element elementor-element-d8a0f42 elementor-share-buttons--view-icon elementor-share-buttons--skin-minimal elementor-share-buttons--shape-square elementor-grid-0 elementor-share-buttons--color-official elementor-widget elementor-widget-share-buttons\" data-id=\"d8a0f42\" data-element_type=\"widget\" data-widget_type=\"share-buttons.default\">\n\t\t\t\t<div class=\"elementor-widget-container\">\n\t\t\t\t\t\t\t<div class=\"elementor-grid\">\n\t\t\t\t\t\t\t\t<div class=\"elementor-grid-item\">\n\t\t\t\t\t\t<div\n\t\t\t\t\t\t\tclass=\"elementor-share-btn elementor-share-btn_facebook\"\n\t\t\t\t\t\t\trole=\"button\"\n\t\t\t\t\t\t\ttabindex=\"0\"\n\t\t\t\t\t\t\taria-label=\"Compartir en facebook\"\n\t\t\t\t\t\t>\n\t\t\t\t\t\t\t\t\t\t\t\t\t\t\t<span class=\"elementor-share-btn__icon\">\n\t\t\t\t\t\t\t\t<svg class=\"e-font-icon-svg e-fab-facebook\" viewBox=\"0 0 512 512\" xmlns=\"http:\/\/www.w3.org\/2000\/svg\"><path d=\"M504 256C504 119 393 8 256 8S8 119 8 256c0 123.78 90.69 226.38 209.25 245V327.69h-63V256h63v-54.64c0-62.15 37-96.48 93.67-96.48 27.14 0 55.52 4.84 55.52 4.84v61h-31.28c-30.8 0-40.41 19.12-40.41 38.73V256h68.78l-11 71.69h-57.78V501C413.31 482.38 504 379.78 504 256z\"><\/path><\/svg>\t\t\t\t\t\t\t<\/span>\n\t\t\t\t\t\t\t\t\t\t\t\t\t\t\t\t\t\t\t\t<\/div>\n\t\t\t\t\t<\/div>\n\t\t\t\t\t\t\t\t\t<div class=\"elementor-grid-item\">\n\t\t\t\t\t\t<div\n\t\t\t\t\t\t\tclass=\"elementor-share-btn elementor-share-btn_twitter\"\n\t\t\t\t\t\t\trole=\"button\"\n\t\t\t\t\t\t\ttabindex=\"0\"\n\t\t\t\t\t\t\taria-label=\"Compartir en twitter\"\n\t\t\t\t\t\t>\n\t\t\t\t\t\t\t\t\t\t\t\t\t\t\t<span class=\"elementor-share-btn__icon\">\n\t\t\t\t\t\t\t\t<svg class=\"e-font-icon-svg e-fab-twitter\" viewBox=\"0 0 512 512\" xmlns=\"http:\/\/www.w3.org\/2000\/svg\"><path d=\"M459.37 151.716c.325 4.548.325 9.097.325 13.645 0 138.72-105.583 298.558-298.558 298.558-59.452 0-114.68-17.219-161.137-47.106 8.447.974 16.568 1.299 25.34 1.299 49.055 0 94.213-16.568 130.274-44.832-46.132-.975-84.792-31.188-98.112-72.772 6.498.974 12.995 1.624 19.818 1.624 9.421 0 18.843-1.3 27.614-3.573-48.081-9.747-84.143-51.98-84.143-102.985v-1.299c13.969 7.797 30.214 12.67 47.431 13.319-28.264-18.843-46.781-51.005-46.781-87.391 0-19.492 5.197-37.36 14.294-52.954 51.655 63.675 129.3 105.258 216.365 109.807-1.624-7.797-2.599-15.918-2.599-24.04 0-57.828 46.782-104.934 104.934-104.934 30.213 0 57.502 12.67 76.67 33.137 23.715-4.548 46.456-13.32 66.599-25.34-7.798 24.366-24.366 44.833-46.132 57.827 21.117-2.273 41.584-8.122 60.426-16.243-14.292 20.791-32.161 39.308-52.628 54.253z\"><\/path><\/svg>\t\t\t\t\t\t\t<\/span>\n\t\t\t\t\t\t\t\t\t\t\t\t\t\t\t\t\t\t\t\t<\/div>\n\t\t\t\t\t<\/div>\n\t\t\t\t\t\t\t\t\t<div class=\"elementor-grid-item\">\n\t\t\t\t\t\t<div\n\t\t\t\t\t\t\tclass=\"elementor-share-btn elementor-share-btn_whatsapp\"\n\t\t\t\t\t\t\trole=\"button\"\n\t\t\t\t\t\t\ttabindex=\"0\"\n\t\t\t\t\t\t\taria-label=\"Compartir en whatsapp\"\n\t\t\t\t\t\t>\n\t\t\t\t\t\t\t\t\t\t\t\t\t\t\t<span class=\"elementor-share-btn__icon\">\n\t\t\t\t\t\t\t\t<svg class=\"e-font-icon-svg e-fab-whatsapp\" viewBox=\"0 0 448 512\" xmlns=\"http:\/\/www.w3.org\/2000\/svg\"><path d=\"M380.9 97.1C339 55.1 283.2 32 223.9 32c-122.4 0-222 99.6-222 222 0 39.1 10.2 77.3 29.6 111L0 480l117.7-30.9c32.4 17.7 68.9 27 106.1 27h.1c122.3 0 224.1-99.6 224.1-222 0-59.3-25.2-115-67.1-157zm-157 341.6c-33.2 0-65.7-8.9-94-25.7l-6.7-4-69.8 18.3L72 359.2l-4.4-7c-18.5-29.4-28.2-63.3-28.2-98.2 0-101.7 82.8-184.5 184.6-184.5 49.3 0 95.6 19.2 130.4 54.1 34.8 34.9 56.2 81.2 56.1 130.5 0 101.8-84.9 184.6-186.6 184.6zm101.2-138.2c-5.5-2.8-32.8-16.2-37.9-18-5.1-1.9-8.8-2.8-12.5 2.8-3.7 5.6-14.3 18-17.6 21.8-3.2 3.7-6.5 4.2-12 1.4-32.6-16.3-54-29.1-75.5-66-5.7-9.8 5.7-9.1 16.3-30.3 1.8-3.7.9-6.9-.5-9.7-1.4-2.8-12.5-30.1-17.1-41.2-4.5-10.8-9.1-9.3-12.5-9.5-3.2-.2-6.9-.2-10.6-.2-3.7 0-9.7 1.4-14.8 6.9-5.1 5.6-19.4 19-19.4 46.3 0 27.3 19.9 53.7 22.6 57.4 2.8 3.7 39.1 59.7 94.8 83.8 35.2 15.2 49 16.5 66.6 13.9 10.7-1.6 32.8-13.4 37.4-26.4 4.6-13 4.6-24.1 3.2-26.4-1.3-2.5-5-3.9-10.5-6.6z\"><\/path><\/svg>\t\t\t\t\t\t\t<\/span>\n\t\t\t\t\t\t\t\t\t\t\t\t\t\t\t\t\t\t\t\t<\/div>\n\t\t\t\t\t<\/div>\n\t\t\t\t\t\t\t\t\t<div class=\"elementor-grid-item\">\n\t\t\t\t\t\t<div\n\t\t\t\t\t\t\tclass=\"elementor-share-btn elementor-share-btn_telegram\"\n\t\t\t\t\t\t\trole=\"button\"\n\t\t\t\t\t\t\ttabindex=\"0\"\n\t\t\t\t\t\t\taria-label=\"Compartir en telegram\"\n\t\t\t\t\t\t>\n\t\t\t\t\t\t\t\t\t\t\t\t\t\t\t<span class=\"elementor-share-btn__icon\">\n\t\t\t\t\t\t\t\t<svg class=\"e-font-icon-svg e-fab-telegram\" viewBox=\"0 0 496 512\" xmlns=\"http:\/\/www.w3.org\/2000\/svg\"><path d=\"M248 8C111 8 0 119 0 256s111 248 248 248 248-111 248-248S385 8 248 8zm121.8 169.9l-40.7 191.8c-3 13.6-11.1 16.9-22.4 10.5l-62-45.7-29.9 28.8c-3.3 3.3-6.1 6.1-12.5 6.1l4.4-63.1 114.9-103.8c5-4.4-1.1-6.9-7.7-2.5l-142 89.4-61.2-19.1c-13.3-4.2-13.6-13.3 2.8-19.7l239.1-92.2c11.1-4 20.8 2.7 17.2 19.5z\"><\/path><\/svg>\t\t\t\t\t\t\t<\/span>\n\t\t\t\t\t\t\t\t\t\t\t\t\t\t\t\t\t\t\t\t<\/div>\n\t\t\t\t\t<\/div>\n\t\t\t\t\t\t<\/div>\n\t\t\t\t\t\t<\/div>\n\t\t\t\t<\/div>\n\t\t\t\t<\/div>\n\t\t\t\t\t<\/div>\n\t\t\t\t<\/div>\n\t\t<div class=\"elementor-element elementor-element-1f0770f e-flex e-con-boxed e-con e-parent\" data-id=\"1f0770f\" data-element_type=\"container\">\n\t\t\t\t\t<div class=\"e-con-inner\">\n\t\t\t\t<div class=\"elementor-element elementor-element-f10ab91 elementor-align-center elementor-widget elementor-widget-button\" data-id=\"f10ab91\" data-element_type=\"widget\" data-widget_type=\"button.default\">\n\t\t\t\t<div class=\"elementor-widget-container\">\n\t\t\t\t\t\t\t\t\t<div class=\"elementor-button-wrapper\">\n\t\t\t\t\t<a class=\"elementor-button elementor-button-link elementor-size-sm\" href=\"https:\/\/bizibermeo.normak.es\/es\/que-ver\/como-visitar-gaztelugatxe\/\">\n\t\t\t\t\t\t<span class=\"elementor-button-content-wrapper\">\n\t\t\t\t\t\t\t\t\t<span class=\"elementor-button-text\">Visita Gaztelugatxe<\/span>\n\t\t\t\t\t<\/span>\n\t\t\t\t\t<\/a>\n\t\t\t\t<\/div>\n\t\t\t\t\t\t\t\t<\/div>\n\t\t\t\t<\/div>\n\t\t\t\t\t<\/div>\n\t\t\t\t<\/div>\n\t\t<div class=\"elementor-element elementor-element-aa8a6cc e-flex e-con-boxed e-con e-parent\" data-id=\"aa8a6cc\" data-element_type=\"container\" data-settings=\"{&quot;background_background&quot;:&quot;classic&quot;}\">\n\t\t\t\t\t<div class=\"e-con-inner\">\n\t\t<div class=\"elementor-element elementor-element-1f1379b e-con-full e-flex e-con e-child\" data-id=\"1f1379b\" data-element_type=\"container\">\n\t\t\t\t<div class=\"elementor-element elementor-element-3cd0afe elementor-widget elementor-widget-image\" data-id=\"3cd0afe\" data-element_type=\"widget\" data-widget_type=\"image.default\">\n\t\t\t\t<div class=\"elementor-widget-container\">\n\t\t\t\t\t\t\t\t\t\t\t\t\t\t\t<img loading=\"lazy\" decoding=\"async\" width=\"531\" height=\"375\" src=\"https:\/\/bizibermeo.normak.es\/wp-content\/uploads\/2024\/10\/ibilbideak.webp\" class=\"attachment-large size-large wp-image-2463\" alt=\"\" srcset=\"https:\/\/bizibermeo.normak.es\/wp-content\/uploads\/2024\/10\/ibilbideak.webp 531w, https:\/\/bizibermeo.normak.es\/wp-content\/uploads\/2024\/10\/ibilbideak-300x212.webp 300w\" sizes=\"(max-width: 531px) 100vw, 531px\" \/>\t\t\t\t\t\t\t\t\t\t\t\t\t\t\t<\/div>\n\t\t\t\t<\/div>\n\t\t\t\t<\/div>\n\t\t<div class=\"elementor-element elementor-element-c1e4fee e-con-full e-flex e-con e-child\" data-id=\"c1e4fee\" data-element_type=\"container\">\n\t\t\t\t<div class=\"elementor-element elementor-element-3683951 elementor-widget elementor-widget-heading\" data-id=\"3683951\" data-element_type=\"widget\" data-widget_type=\"heading.default\">\n\t\t\t\t<div class=\"elementor-widget-container\">\n\t\t\t\t\t<h2 class=\"elementor-heading-title elementor-size-default\">Recorridos<\/h2>\t\t\t\t<\/div>\n\t\t\t\t<\/div>\n\t\t\t\t<div class=\"elementor-element elementor-element-cd58259 elementor-widget elementor-widget-text-editor\" data-id=\"cd58259\" data-element_type=\"widget\" data-widget_type=\"text-editor.default\">\n\t\t\t\t<div class=\"elementor-widget-container\">\n\t\t\t\t\t\t\t\t\t<p>Su paisaje inigualable y algunos tesoros arquitect\u00f3nicos hacen de estos recorridos una experiencia sin par. Para ello es preciso estar en una situaci\u00f3n f\u00edsica buena.<\/p>\n<p>No olvidarse de llevar calzado adecuado y agua para beber. Dado que es un entorno protegido, cuidar de los animales, las plantas y perservar la paz es responsabilidad de todos. Gestionar la basura tambi\u00e9n es responsabilidad de uno mismo.<\/p>\n<p><a style=\"color: #ffff99;\" href=\"https:\/\/bizibermeo.normak.es\/wp-content\/uploads\/2024\/11\/Gaztelugatxe_eta_Matxikako-Planoa-comprimido.pdf\" target=\"_blank\" rel=\"noopener\">Descargar el plano en PDF<\/a><\/p>\n\t\t\t\t\t\t\t\t<\/div>\n\t\t\t\t<\/div>\n\t\t\t\t<\/div>\n\t\t\t\t\t<\/div>\n\t\t\t\t<\/div>\n\t\t\t\t<\/div>\n\t\t","protected":false},"excerpt":{"rendered":"<p>Gaztelugatxe, lugar m\u00e1gico. Isla surgida de las innumerables batallas entre la tierra y el mar. De belleza natural, con arcos y cuevas cinceladas a trav\u00e9s de los siglos, nunca defrauda al visitante. Visita Gaztelugatxe Informaci\u00f3n Ten en cuenta a la hora de visitar este maravilloso lugar costero: Est\u00e1 ubicado en en un biotopo, por lo [&hellip;]<\/p>\n","protected":false},"author":1,"featured_media":2466,"parent":4526,"menu_order":1,"comment_status":"closed","ping_status":"closed","template":"elementor_header_footer","meta":{"_acf_changed":false,"footnotes":""},"class_list":["post-4427","page","type-page","status-publish","has-post-thumbnail","hentry"],"acf":[],"_links":{"self":[{"href":"https:\/\/bizibermeo.normak.es\/es\/wp-json\/wp\/v2\/pages\/4427","targetHints":{"allow":["GET"]}}],"collection":[{"href":"https:\/\/bizibermeo.normak.es\/es\/wp-json\/wp\/v2\/pages"}],"about":[{"href":"https:\/\/bizibermeo.normak.es\/es\/wp-json\/wp\/v2\/types\/page"}],"author":[{"embeddable":true,"href":"https:\/\/bizibermeo.normak.es\/es\/wp-json\/wp\/v2\/users\/1"}],"replies":[{"embeddable":true,"href":"https:\/\/bizibermeo.normak.es\/es\/wp-json\/wp\/v2\/comments?post=4427"}],"version-history":[{"count":2,"href":"https:\/\/bizibermeo.normak.es\/es\/wp-json\/wp\/v2\/pages\/4427\/revisions"}],"predecessor-version":[{"id":4743,"href":"https:\/\/bizibermeo.normak.es\/es\/wp-json\/wp\/v2\/pages\/4427\/revisions\/4743"}],"up":[{"embeddable":true,"href":"https:\/\/bizibermeo.normak.es\/es\/wp-json\/wp\/v2\/pages\/4526"}],"wp:featuredmedia":[{"embeddable":true,"href":"https:\/\/bizibermeo.normak.es\/es\/wp-json\/wp\/v2\/media\/2466"}],"wp:attachment":[{"href":"https:\/\/bizibermeo.normak.es\/es\/wp-json\/wp\/v2\/media?parent=4427"}],"curies":[{"name":"wp","href":"https:\/\/api.w.org\/{rel}","templated":true}]}}