{"id":3792,"date":"2024-10-07T13:01:30","date_gmt":"2024-10-07T11:01:30","guid":{"rendered":"https:\/\/bizibermeo.normak.es\/como-llegar-a-bermeo\/"},"modified":"2024-10-31T16:22:38","modified_gmt":"2024-10-31T14:22:38","slug":"como-llegar-a-bermeo","status":"publish","type":"page","link":"https:\/\/bizibermeo.normak.es\/es\/como-llegar-a-bermeo\/","title":{"rendered":"\u00bfC\u00f3mo llegar a Bermeo?"},"content":{"rendered":"\t\t<div data-elementor-type=\"wp-page\" data-elementor-id=\"3792\" class=\"elementor elementor-3792 elementor-161\" data-elementor-post-type=\"page\">\n\t\t\t\t<div class=\"elementor-element elementor-element-4482fe80 e-con-full e-flex e-con e-child\" data-id=\"4482fe80\" data-element_type=\"container\">\n\t\t<div class=\"elementor-element elementor-element-3ff0ee2 e-flex e-con-boxed e-con e-child\" data-id=\"3ff0ee2\" data-element_type=\"container\" data-settings=\"{&quot;background_background&quot;:&quot;classic&quot;}\">\n\t\t\t\t\t<div class=\"e-con-inner\">\n\t\t\t\t<div class=\"elementor-element elementor-element-a745cc8 elementor-widget elementor-widget-heading\" data-id=\"a745cc8\" data-element_type=\"widget\" data-widget_type=\"heading.default\">\n\t\t\t\t<div class=\"elementor-widget-container\">\n\t\t\t\t\t<h2 class=\"elementor-heading-title elementor-size-default\">\u00bfC\u00f3mo llegar a Bermeo?<\/h2>\t\t\t\t<\/div>\n\t\t\t\t<\/div>\n\t\t\t\t\t<\/div>\n\t\t\t\t<\/div>\n\t\t<div class=\"elementor-element elementor-element-5ce71196 e-flex e-con-boxed e-con e-child\" data-id=\"5ce71196\" data-element_type=\"container\" data-settings=\"{&quot;background_background&quot;:&quot;classic&quot;}\">\n\t\t\t\t\t<div class=\"e-con-inner\">\n\t\t\t\t\t<\/div>\n\t\t\t\t<\/div>\n\t\t\t\t<\/div>\n\t\t<div class=\"elementor-element elementor-element-b97ee7b e-flex e-con-boxed e-con e-parent\" data-id=\"b97ee7b\" data-element_type=\"container\">\n\t\t\t\t\t<div class=\"e-con-inner\">\n\t\t<div class=\"elementor-element elementor-element-2bf9797 e-con-full e-flex e-con e-child\" data-id=\"2bf9797\" data-element_type=\"container\">\n\t\t\t\t<div class=\"elementor-element elementor-element-9d253fe elementor-widget elementor-widget-image\" data-id=\"9d253fe\" data-element_type=\"widget\" data-widget_type=\"image.default\">\n\t\t\t\t<div class=\"elementor-widget-container\">\n\t\t\t\t\t\t\t\t\t\t\t\t\t\t\t<img decoding=\"async\" src=\"https:\/\/bizibermeo.normak.es\/wp-content\/uploads\/elementor\/thumbs\/bus-qvfe2v4gq8bkquupxxbhi6jxpzjhlu8sfq72sik2q8.webp\" title=\"bus\" alt=\"bus\" loading=\"lazy\" \/>\t\t\t\t\t\t\t\t\t\t\t\t\t\t\t<\/div>\n\t\t\t\t<\/div>\n\t\t\t\t<div class=\"elementor-element elementor-element-908f7fa elementor-widget elementor-widget-heading\" data-id=\"908f7fa\" data-element_type=\"widget\" data-widget_type=\"heading.default\">\n\t\t\t\t<div class=\"elementor-widget-container\">\n\t\t\t\t\t<h2 class=\"elementor-heading-title elementor-size-default\">En autobus<\/h2>\t\t\t\t<\/div>\n\t\t\t\t<\/div>\n\t\t\t\t<div class=\"elementor-element elementor-element-c3f29f7 elementor-widget elementor-widget-text-editor\" data-id=\"c3f29f7\" data-element_type=\"widget\" data-widget_type=\"text-editor.default\">\n\t\t\t\t<div class=\"elementor-widget-container\">\n\t\t\t\t\t\t\t\t\t<p><strong>BIZKAIBUS<\/strong><br \/>A3515 Bermeo-Amorebieta-Gernika-Bilbao<br \/>A3527 Bermeo-Mungia-Bilbao (por autopista)<br \/>A3528 Bermeo-Mungia-Derio-Cruces\/Upv<br \/>A3524 Bermeo-Bakio-Bermeo (neguan)<br \/>A3517 Bermeo-Bakio-Bermeo (udan)<\/p>\n<p>Bezeroen harreta: 946 125 555<br \/>Ordutegiak eta informazio gehiago hemen.<\/p>\n\t\t\t\t\t\t\t\t<\/div>\n\t\t\t\t<\/div>\n\t\t\t\t<\/div>\n\t\t<div class=\"elementor-element elementor-element-cb30ccc e-con-full e-flex e-con e-child\" data-id=\"cb30ccc\" data-element_type=\"container\">\n\t\t\t\t<div class=\"elementor-element elementor-element-3a4d5c2 elementor-widget elementor-widget-image\" data-id=\"3a4d5c2\" data-element_type=\"widget\" data-widget_type=\"image.default\">\n\t\t\t\t<div class=\"elementor-widget-container\">\n\t\t\t\t\t\t\t\t\t\t\t\t\t\t\t<img decoding=\"async\" src=\"https:\/\/bizibermeo.normak.es\/wp-content\/uploads\/elementor\/thumbs\/tren-qvfe2t8sck903mxg8wi8d710j7sr6g1brgw3tymv2o.webp\" title=\"tren\" alt=\"tren\" loading=\"lazy\" \/>\t\t\t\t\t\t\t\t\t\t\t\t\t\t\t<\/div>\n\t\t\t\t<\/div>\n\t\t\t\t<div class=\"elementor-element elementor-element-1adebfd elementor-widget elementor-widget-heading\" data-id=\"1adebfd\" data-element_type=\"widget\" data-widget_type=\"heading.default\">\n\t\t\t\t<div class=\"elementor-widget-container\">\n\t\t\t\t\t<h2 class=\"elementor-heading-title elementor-size-default\">En tren<\/h2>\t\t\t\t<\/div>\n\t\t\t\t<\/div>\n\t\t\t\t<div class=\"elementor-element elementor-element-36b8362 elementor-widget elementor-widget-text-editor\" data-id=\"36b8362\" data-element_type=\"widget\" data-widget_type=\"text-editor.default\">\n\t\t\t\t<div class=\"elementor-widget-container\">\n\t\t\t\t\t\t\t\t\t<p>EUSKOTREN:<br \/>\nBermeo-Bilbao (Urdaibai)<\/p>\n<p>Atenci\u00f3n al cliente: 944 333 333 <\/p>\n<p><a href=\"https:\/\/www.euskotren.eus\/es\/tren\" rel=\"noopener\" target=\"_blank\">Horarios y m\u00e1s informaci\u00f3n aqu\u00ed<\/a>.<\/p>\n\t\t\t\t\t\t\t\t<\/div>\n\t\t\t\t<\/div>\n\t\t\t\t<\/div>\n\t\t\t\t\t<\/div>\n\t\t\t\t<\/div>\n\t\t<div class=\"elementor-element elementor-element-61b09c7 e-flex e-con-boxed e-con e-parent\" data-id=\"61b09c7\" data-element_type=\"container\">\n\t\t\t\t\t<div class=\"e-con-inner\">\n\t\t<div class=\"elementor-element elementor-element-4d30e41 e-con-full e-flex e-con e-child\" data-id=\"4d30e41\" data-element_type=\"container\">\n\t\t\t\t<div class=\"elementor-element elementor-element-f41a35b elementor-widget elementor-widget-image\" data-id=\"f41a35b\" data-element_type=\"widget\" data-widget_type=\"image.default\">\n\t\t\t\t<div class=\"elementor-widget-container\">\n\t\t\t\t\t\t\t\t\t\t\t\t\t\t\t<img decoding=\"async\" src=\"https:\/\/bizibermeo.normak.es\/wp-content\/uploads\/elementor\/thumbs\/auto-qvfe2x053we5e2rzmy4qn62uwra818g93zi1r2hads.webp\" title=\"auto\" alt=\"auto\" loading=\"lazy\" \/>\t\t\t\t\t\t\t\t\t\t\t\t\t\t\t<\/div>\n\t\t\t\t<\/div>\n\t\t\t\t<div class=\"elementor-element elementor-element-3cb9270 elementor-widget elementor-widget-heading\" data-id=\"3cb9270\" data-element_type=\"widget\" data-widget_type=\"heading.default\">\n\t\t\t\t<div class=\"elementor-widget-container\">\n\t\t\t\t\t<h2 class=\"elementor-heading-title elementor-size-default\">En coche<\/h2>\t\t\t\t<\/div>\n\t\t\t\t<\/div>\n\t\t\t\t<div class=\"elementor-element elementor-element-98f7daa elementor-widget elementor-widget-text-editor\" data-id=\"98f7daa\" data-element_type=\"widget\" data-widget_type=\"text-editor.default\">\n\t\t\t\t<div class=\"elementor-widget-container\">\n\t\t\t\t\t\t\t\t\t<p>BI631 Bilbao-Mungia-Bermeo<br \/>BI2235 Gernika-Bermeo<br \/>BI3101 Bakio-Bermeo<br \/>BI2235 Autopistako irteera: Amorebieta. Gernika-Bermeo<br \/>BI631 Aireportua: Mungia-Bermeo<\/p>\n\t\t\t\t\t\t\t\t<\/div>\n\t\t\t\t<\/div>\n\t\t\t\t<\/div>\n\t\t<div class=\"elementor-element elementor-element-606263c e-con-full e-flex e-con e-child\" data-id=\"606263c\" data-element_type=\"container\">\n\t\t\t\t<div class=\"elementor-element elementor-element-d1c4e79 elementor-widget elementor-widget-image\" data-id=\"d1c4e79\" data-element_type=\"widget\" data-widget_type=\"image.default\">\n\t\t\t\t<div class=\"elementor-widget-container\">\n\t\t\t\t\t\t\t\t\t\t\t\t\t\t\t<img decoding=\"async\" src=\"https:\/\/bizibermeo.normak.es\/wp-content\/uploads\/elementor\/thumbs\/taxi-qwdf0c7x98fulmt6nsuy8u5vbep7x75uxyoxeosij4.jpg\" title=\"taxi\" alt=\"taxi\" loading=\"lazy\" \/>\t\t\t\t\t\t\t\t\t\t\t\t\t\t\t<\/div>\n\t\t\t\t<\/div>\n\t\t\t\t<div class=\"elementor-element elementor-element-e34354a elementor-widget elementor-widget-heading\" data-id=\"e34354a\" data-element_type=\"widget\" data-widget_type=\"heading.default\">\n\t\t\t\t<div class=\"elementor-widget-container\">\n\t\t\t\t\t<h2 class=\"elementor-heading-title elementor-size-default\">Taxis<\/h2>\t\t\t\t<\/div>\n\t\t\t\t<\/div>\n\t\t\t\t<div class=\"elementor-element elementor-element-c647e7e elementor-widget elementor-widget-text-editor\" data-id=\"c647e7e\" data-element_type=\"widget\" data-widget_type=\"text-editor.default\">\n\t\t\t\t<div class=\"elementor-widget-container\">\n\t\t\t\t\t\t\t\t\t<p>Taxi Geltokia Bermeo, zg.<br \/>Tel: 94 688 09 22<br \/>Taxista bakoitzaren telefonoak hemen.<\/p>\n\t\t\t\t\t\t\t\t<\/div>\n\t\t\t\t<\/div>\n\t\t\t\t<\/div>\n\t\t\t\t\t<\/div>\n\t\t\t\t<\/div>\n\t\t<div class=\"elementor-element elementor-element-c153f2b e-flex e-con-boxed e-con e-parent\" data-id=\"c153f2b\" data-element_type=\"container\" data-settings=\"{&quot;background_background&quot;:&quot;classic&quot;}\">\n\t\t\t\t\t<div class=\"e-con-inner\">\n\t\t\t\t<div class=\"elementor-element elementor-element-dff6b26 elementor-widget-divider--view-line_text elementor-widget-divider--element-align-center elementor-widget elementor-widget-divider\" data-id=\"dff6b26\" data-element_type=\"widget\" data-widget_type=\"divider.default\">\n\t\t\t\t<div class=\"elementor-widget-container\">\n\t\t\t\t\t\t\t<div class=\"elementor-divider\">\n\t\t\t<span class=\"elementor-divider-separator\">\n\t\t\t\t\t\t\t<span class=\"elementor-divider__text elementor-divider__element\">\n\t\t\t\tDisntancias\t\t\t\t<\/span>\n\t\t\t\t\t\t<\/span>\n\t\t<\/div>\n\t\t\t\t\t\t<\/div>\n\t\t\t\t<\/div>\n\t\t\t\t<div class=\"elementor-element elementor-element-1837484 elementor-widget elementor-widget-text-editor\" data-id=\"1837484\" data-element_type=\"widget\" data-widget_type=\"text-editor.default\">\n\t\t\t\t<div class=\"elementor-widget-container\">\n\t\t\t\t\t\t\t\t\t<p>Bilboko aireportura: 27 km.<br \/>Bermeo-Bilbo: 35 km.<br \/>Getxoko portura (kruzeroak): 42 km.<br \/>Santurtziko portura (ferry): 46 km.<br \/>Bermeo-Donosti: 109 km.<br \/>Bermeo-Gasteiz: 99,5 km.<br \/>Bermeo-Biarritz: 155 km.<br \/>Bermeo-Iru\u00f1a: 173 km.<\/p>\n\t\t\t\t\t\t\t\t<\/div>\n\t\t\t\t<\/div>\n\t\t\t\t\t<\/div>\n\t\t\t\t<\/div>\n\t\t\t\t<\/div>\n\t\t","protected":false},"excerpt":{"rendered":"<p>En autobus BIZKAIBUSA3515 Bermeo-Amorebieta-Gernika-BilbaoA3527 Bermeo-Mungia-Bilbao (por autopista)A3528 Bermeo-Mungia-Derio-Cruces\/UpvA3524 Bermeo-Bakio-Bermeo (neguan)A3517 Bermeo-Bakio-Bermeo (udan) Bezeroen harreta: 946 125 555Ordutegiak eta informazio gehiago hemen. En tren EUSKOTREN: Bermeo-Bilbao (Urdaibai) Atenci\u00f3n al cliente: 944 333 333 Horarios y m\u00e1s informaci\u00f3n aqu\u00ed. En coche BI631 Bilbao-Mungia-BermeoBI2235 Gernika-BermeoBI3101 Bakio-BermeoBI2235 Autopistako irteera: Amorebieta. Gernika-BermeoBI631 Aireportua: Mungia-Bermeo Taxis Taxi Geltokia Bermeo, zg.Tel: 94 [&hellip;]<\/p>\n","protected":false},"author":1,"featured_media":0,"parent":0,"menu_order":3,"comment_status":"closed","ping_status":"closed","template":"elementor_header_footer","meta":{"_acf_changed":false,"footnotes":""},"class_list":["post-3792","page","type-page","status-publish","hentry"],"acf":[],"_links":{"self":[{"href":"https:\/\/bizibermeo.normak.es\/es\/wp-json\/wp\/v2\/pages\/3792","targetHints":{"allow":["GET"]}}],"collection":[{"href":"https:\/\/bizibermeo.normak.es\/es\/wp-json\/wp\/v2\/pages"}],"about":[{"href":"https:\/\/bizibermeo.normak.es\/es\/wp-json\/wp\/v2\/types\/page"}],"author":[{"embeddable":true,"href":"https:\/\/bizibermeo.normak.es\/es\/wp-json\/wp\/v2\/users\/1"}],"replies":[{"embeddable":true,"href":"https:\/\/bizibermeo.normak.es\/es\/wp-json\/wp\/v2\/comments?post=3792"}],"version-history":[{"count":1,"href":"https:\/\/bizibermeo.normak.es\/es\/wp-json\/wp\/v2\/pages\/3792\/revisions"}],"predecessor-version":[{"id":3793,"href":"https:\/\/bizibermeo.normak.es\/es\/wp-json\/wp\/v2\/pages\/3792\/revisions\/3793"}],"wp:attachment":[{"href":"https:\/\/bizibermeo.normak.es\/es\/wp-json\/wp\/v2\/media?parent=3792"}],"curies":[{"name":"wp","href":"https:\/\/api.w.org\/{rel}","templated":true}]}}