{"id":3435,"date":"2024-10-07T13:00:59","date_gmt":"2024-10-07T11:00:59","guid":{"rendered":"https:\/\/bizibermeo.normak.es\/otono-en-familia\/"},"modified":"2024-10-31T13:24:43","modified_gmt":"2024-10-31T11:24:43","slug":"otono-en-familia","status":"publish","type":"page","link":"https:\/\/bizibermeo.normak.es\/es\/que-hacer\/otono-en-familia\/","title":{"rendered":"Oto\u00f1o en familia"},"content":{"rendered":"\t\t<div data-elementor-type=\"wp-page\" data-elementor-id=\"3435\" class=\"elementor elementor-3435 elementor-159\" data-elementor-post-type=\"page\">\n\t\t\t\t<div class=\"elementor-element elementor-element-3048391 e-con-full e-flex e-con e-child\" data-id=\"3048391\" data-element_type=\"container\">\n\t\t<div class=\"elementor-element elementor-element-37ba57d e-flex e-con-boxed e-con e-child\" data-id=\"37ba57d\" data-element_type=\"container\" data-settings=\"{&quot;background_background&quot;:&quot;classic&quot;}\">\n\t\t\t\t\t<div class=\"e-con-inner\">\n\t\t\t\t<div class=\"elementor-element elementor-element-320fec6 elementor-widget elementor-widget-heading\" data-id=\"320fec6\" data-element_type=\"widget\" data-widget_type=\"heading.default\">\n\t\t\t\t<div class=\"elementor-widget-container\">\n\t\t\t\t\t<h2 class=\"elementor-heading-title elementor-size-default\">Oto\u00f1o en familia<\/h2>\t\t\t\t<\/div>\n\t\t\t\t<\/div>\n\t\t\t\t\t<\/div>\n\t\t\t\t<\/div>\n\t\t<div class=\"elementor-element elementor-element-afeee55 e-flex e-con-boxed e-con e-child\" data-id=\"afeee55\" data-element_type=\"container\" data-settings=\"{&quot;background_background&quot;:&quot;classic&quot;}\">\n\t\t\t\t\t<div class=\"e-con-inner\">\n\t\t\t\t\t<\/div>\n\t\t\t\t<\/div>\n\t\t\t\t<\/div>\n\t\t<div class=\"elementor-element elementor-element-96040e6 e-flex e-con-boxed e-con e-parent\" data-id=\"96040e6\" data-element_type=\"container\">\n\t\t\t\t\t<div class=\"e-con-inner\">\n\t\t\t\t<div class=\"elementor-element elementor-element-25fa857 elementor-grid-1 elementor-grid-tablet-2 elementor-grid-mobile-1 elementor-widget elementor-widget-loop-grid\" data-id=\"25fa857\" data-element_type=\"widget\" data-settings=\"{&quot;template_id&quot;:1228,&quot;columns&quot;:1,&quot;_skin&quot;:&quot;post&quot;,&quot;columns_tablet&quot;:&quot;2&quot;,&quot;columns_mobile&quot;:&quot;1&quot;,&quot;edit_handle_selector&quot;:&quot;[data-elementor-type=\\&quot;loop-item\\&quot;]&quot;,&quot;row_gap&quot;:{&quot;unit&quot;:&quot;px&quot;,&quot;size&quot;:&quot;&quot;,&quot;sizes&quot;:[]},&quot;row_gap_tablet&quot;:{&quot;unit&quot;:&quot;px&quot;,&quot;size&quot;:&quot;&quot;,&quot;sizes&quot;:[]},&quot;row_gap_mobile&quot;:{&quot;unit&quot;:&quot;px&quot;,&quot;size&quot;:&quot;&quot;,&quot;sizes&quot;:[]}}\" data-widget_type=\"loop-grid.post\">\n\t\t\t\t<div class=\"elementor-widget-container\">\n\t\t\t\t\t\t\t<div class=\"elementor-loop-container elementor-grid\">\n\t\t<style id=\"loop-1228\">.elementor-1228 .elementor-element.elementor-element-ee9cd4c{--display:flex;--flex-direction:row;--container-widget-width:calc( ( 1 - var( --container-widget-flex-grow ) ) * 100% );--container-widget-height:100%;--container-widget-flex-grow:1;--container-widget-align-self:stretch;--flex-wrap-mobile:wrap;--justify-content:space-between;--align-items:flex-start;--gap:0px 0px;--row-gap:0px;--column-gap:0px;--margin-top:0px;--margin-bottom:30px;--margin-left:0px;--margin-right:0px;--padding-top:0px;--padding-bottom:0px;--padding-left:0px;--padding-right:0px;}.elementor-1228 .elementor-element.elementor-element-7289329{--display:flex;--flex-direction:column;--container-widget-width:100%;--container-widget-height:initial;--container-widget-flex-grow:0;--container-widget-align-self:initial;--flex-wrap-mobile:wrap;--margin-top:0px;--margin-bottom:0px;--margin-left:0px;--margin-right:0px;--padding-top:0px;--padding-bottom:0px;--padding-left:0px;--padding-right:0px;}.elementor-1228 .elementor-element.elementor-element-7289329.e-con{--flex-grow:0;--flex-shrink:0;}.elementor-widget-image .widget-image-caption{color:var( --e-global-color-text );font-family:var( --e-global-typography-text-font-family ), Sans-serif;font-size:var( --e-global-typography-text-font-size );font-weight:var( --e-global-typography-text-font-weight );line-height:var( --e-global-typography-text-line-height );}.elementor-1228 .elementor-element.elementor-element-2320e57 img{width:100%;}.elementor-1228 .elementor-element.elementor-element-dd43bd1{--display:flex;--flex-direction:column;--container-widget-width:100%;--container-widget-height:initial;--container-widget-flex-grow:0;--container-widget-align-self:initial;--flex-wrap-mobile:wrap;--gap:0px 0px;--row-gap:0px;--column-gap:0px;--margin-top:0px;--margin-bottom:0px;--margin-left:0px;--margin-right:0px;--padding-top:0px;--padding-bottom:0px;--padding-left:0px;--padding-right:0px;}.elementor-widget-theme-post-title .elementor-heading-title{font-family:var( --e-global-typography-primary-font-family ), Sans-serif;font-size:var( --e-global-typography-primary-font-size );font-weight:var( --e-global-typography-primary-font-weight );line-height:var( --e-global-typography-primary-line-height );color:var( --e-global-color-primary );}.elementor-1228 .elementor-element.elementor-element-3d2bc78 > .elementor-widget-container{margin:0px 0px 0px 0px;}.elementor-1228 .elementor-element.elementor-element-3d2bc78 .elementor-heading-title{font-family:\"Patua One\", Sans-serif;font-size:26px;font-weight:500;color:var( --e-global-color-text );}.elementor-widget-heading .elementor-heading-title{font-family:var( --e-global-typography-primary-font-family ), Sans-serif;font-size:var( --e-global-typography-primary-font-size );font-weight:var( --e-global-typography-primary-font-weight );line-height:var( --e-global-typography-primary-line-height );color:var( --e-global-color-primary );}.elementor-1228 .elementor-element.elementor-element-50c7269 .elementor-heading-title{font-family:\"Roboto\", Sans-serif;font-size:18px;font-weight:300;text-transform:uppercase;line-height:28px;color:var( --e-global-color-secondary );}.elementor-1228 .elementor-element.elementor-element-23a9096 .elementor-heading-title{font-family:\"Roboto\", Sans-serif;font-size:18px;font-weight:500;text-transform:uppercase;line-height:28px;color:var( --e-global-color-secondary );}.elementor-widget-theme-post-content{color:var( --e-global-color-text );font-family:var( --e-global-typography-text-font-family ), Sans-serif;font-size:var( --e-global-typography-text-font-size );font-weight:var( --e-global-typography-text-font-weight );line-height:var( --e-global-typography-text-line-height );}.elementor-1228 .elementor-element.elementor-element-620be04 > .elementor-widget-container{margin:20px 0px 0px 0px;}@media(min-width:768px){.elementor-1228 .elementor-element.elementor-element-7289329{--width:30%;}.elementor-1228 .elementor-element.elementor-element-dd43bd1{--width:65%;}}@media(max-width:1024px){.elementor-widget-image .widget-image-caption{font-size:var( --e-global-typography-text-font-size );line-height:var( --e-global-typography-text-line-height );}.elementor-widget-theme-post-title .elementor-heading-title{font-size:var( --e-global-typography-primary-font-size );line-height:var( --e-global-typography-primary-line-height );}.elementor-widget-heading .elementor-heading-title{font-size:var( --e-global-typography-primary-font-size );line-height:var( --e-global-typography-primary-line-height );}.elementor-widget-theme-post-content{font-size:var( --e-global-typography-text-font-size );line-height:var( --e-global-typography-text-line-height );}}@media(max-width:767px){.elementor-widget-image .widget-image-caption{font-size:var( --e-global-typography-text-font-size );line-height:var( --e-global-typography-text-line-height );}.elementor-1228 .elementor-element.elementor-element-dd43bd1{--margin-top:20px;--margin-bottom:0px;--margin-left:0px;--margin-right:0px;}.elementor-widget-theme-post-title .elementor-heading-title{font-size:var( --e-global-typography-primary-font-size );line-height:var( --e-global-typography-primary-line-height );}.elementor-widget-heading .elementor-heading-title{font-size:var( --e-global-typography-primary-font-size );line-height:var( --e-global-typography-primary-line-height );}.elementor-widget-theme-post-content{font-size:var( --e-global-typography-text-font-size );line-height:var( --e-global-typography-text-line-height );}}<\/style>\t\t<div data-elementor-type=\"loop-item\" data-elementor-id=\"1228\" class=\"elementor elementor-1228 e-loop-item e-loop-item-3374 post-3374 zer-egin type-zer-egin status-publish has-post-thumbnail hentry egin-atala-avec-les-enfants\" data-elementor-post-type=\"elementor_library\" data-custom-edit-handle=\"1\">\n\t\t\t<div class=\"elementor-element elementor-element-ee9cd4c e-flex e-con-boxed e-con e-parent\" data-id=\"ee9cd4c\" data-element_type=\"container\">\n\t\t\t\t\t<div class=\"e-con-inner\">\n\t\t<div class=\"elementor-element elementor-element-7289329 e-con-full e-flex e-con e-child\" data-id=\"7289329\" data-element_type=\"container\">\n\t\t\t\t<div class=\"elementor-element elementor-element-2320e57 elementor-widget elementor-widget-image\" data-id=\"2320e57\" data-element_type=\"widget\" data-widget_type=\"image.default\">\n\t\t\t\t<div class=\"elementor-widget-container\">\n\t\t\t\t\t\t\t\t\t\t\t\t\t\t\t<img decoding=\"async\" src=\"https:\/\/bizibermeo.normak.es\/wp-content\/uploads\/elementor\/thumbs\/euskotren-qwd66g6x5636hqgv9iv99078kp9qfgjgxxe0wz1vco.jpg\" title=\"euskotren\" alt=\"euskotren\" loading=\"lazy\" \/>\t\t\t\t\t\t\t\t\t\t\t\t\t\t\t<\/div>\n\t\t\t\t<\/div>\n\t\t\t\t<\/div>\n\t\t<div class=\"elementor-element elementor-element-dd43bd1 e-con-full e-flex e-con e-child\" data-id=\"dd43bd1\" data-element_type=\"container\">\n\t\t\t\t<div class=\"elementor-element elementor-element-3d2bc78 elementor-widget elementor-widget-theme-post-title elementor-page-title elementor-widget-heading\" data-id=\"3d2bc78\" data-element_type=\"widget\" data-widget_type=\"theme-post-title.default\">\n\t\t\t\t<div class=\"elementor-widget-container\">\n\t\t\t\t\t<h1 class=\"elementor-heading-title elementor-size-default\">Bermeo-Gernika en tren<\/h1>\t\t\t\t<\/div>\n\t\t\t\t<\/div>\n\t\t\t\t<div class=\"elementor-element elementor-element-620be04 elementor-widget elementor-widget-theme-post-content\" data-id=\"620be04\" data-element_type=\"widget\" data-widget_type=\"theme-post-content.default\">\n\t\t\t\t<div class=\"elementor-widget-container\">\n\t\t\t\t\t<p>Puertos, pe\u00f1ones, islas, estuario, t\u00faneles, playas, lagunas, marisma, rocas, bosques, animales\u2026 Todo esto y mucho m\u00e1s en apenas 20 minutos de bell\u00edsimo trayecto en tren. Un viaje estimulante que atraviesa el coraz\u00f3n de la reserva y cruza un total de 6 municipios.<\/p>\n<p><a href=\"https:\/\/www.euskotren.eus\/eu\/tren\/ordutegiak\" rel=\"noopener\" target=\"_blank\">Horario Euskotren<\/a><\/p>\n\t\t\t\t<\/div>\n\t\t\t\t<\/div>\n\t\t\t\t<\/div>\n\t\t\t\t\t<\/div>\n\t\t\t\t<\/div>\n\t\t\t\t<\/div>\n\t\t\t\t<div data-elementor-type=\"loop-item\" data-elementor-id=\"1228\" class=\"elementor elementor-1228 e-loop-item e-loop-item-3391 post-3391 zer-egin type-zer-egin status-publish has-post-thumbnail hentry egin-atala-avec-les-enfants\" data-elementor-post-type=\"elementor_library\" data-custom-edit-handle=\"1\">\n\t\t\t<div class=\"elementor-element elementor-element-ee9cd4c e-flex e-con-boxed e-con e-parent\" data-id=\"ee9cd4c\" data-element_type=\"container\">\n\t\t\t\t\t<div class=\"e-con-inner\">\n\t\t<div class=\"elementor-element elementor-element-7289329 e-con-full e-flex e-con e-child\" data-id=\"7289329\" data-element_type=\"container\">\n\t\t\t\t<div class=\"elementor-element elementor-element-2320e57 elementor-widget elementor-widget-image\" data-id=\"2320e57\" data-element_type=\"widget\" data-widget_type=\"image.default\">\n\t\t\t\t<div class=\"elementor-widget-container\">\n\t\t\t\t\t\t\t\t\t\t\t\t\t\t\t<img decoding=\"async\" src=\"https:\/\/bizibermeo.normak.es\/wp-content\/uploads\/elementor\/thumbs\/Arrantzaleen_Museoa_Umiekaz-01-Small-qwd6950ap3rppkk8k6ptvtrpre0jga7tn8l1ch2bjs.jpeg\" title=\"Arrantzaleen_Museoa_Umiekaz-01-Small\" alt=\"Arrantzaleen_Museoa_Umiekaz-01-Small\" loading=\"lazy\" \/>\t\t\t\t\t\t\t\t\t\t\t\t\t\t\t<\/div>\n\t\t\t\t<\/div>\n\t\t\t\t<\/div>\n\t\t<div class=\"elementor-element elementor-element-dd43bd1 e-con-full e-flex e-con e-child\" data-id=\"dd43bd1\" data-element_type=\"container\">\n\t\t\t\t<div class=\"elementor-element elementor-element-3d2bc78 elementor-widget elementor-widget-theme-post-title elementor-page-title elementor-widget-heading\" data-id=\"3d2bc78\" data-element_type=\"widget\" data-widget_type=\"theme-post-title.default\">\n\t\t\t\t<div class=\"elementor-widget-container\">\n\t\t\t\t\t<h1 class=\"elementor-heading-title elementor-size-default\">El Museo del Pescador<\/h1>\t\t\t\t<\/div>\n\t\t\t\t<\/div>\n\t\t\t\t<div class=\"elementor-element elementor-element-620be04 elementor-widget elementor-widget-theme-post-content\" data-id=\"620be04\" data-element_type=\"widget\" data-widget_type=\"theme-post-content.default\">\n\t\t\t\t<div class=\"elementor-widget-container\">\n\t\t\t\t\t<p>Casi todos los fines de semana se organizan talleres familiares para ampliar conocimientos sobre el mar y nuestras costumbres. <a href=\"https:\/\/www.bizkaikoa.bizkaia.eus\/detalleContenido.asp?id=52&#038;t=1\" rel=\"noopener\" target=\"_blank\">Consulta la agenda<\/a> del museo y participa.<\/p>\n\t\t\t\t<\/div>\n\t\t\t\t<\/div>\n\t\t\t\t<\/div>\n\t\t\t\t\t<\/div>\n\t\t\t\t<\/div>\n\t\t\t\t<\/div>\n\t\t\t\t<div data-elementor-type=\"loop-item\" data-elementor-id=\"1228\" class=\"elementor elementor-1228 e-loop-item e-loop-item-3399 post-3399 zer-egin type-zer-egin status-publish has-post-thumbnail hentry egin-atala-avec-les-enfants\" data-elementor-post-type=\"elementor_library\" data-custom-edit-handle=\"1\">\n\t\t\t<div class=\"elementor-element elementor-element-ee9cd4c e-flex e-con-boxed e-con e-parent\" data-id=\"ee9cd4c\" data-element_type=\"container\">\n\t\t\t\t\t<div class=\"e-con-inner\">\n\t\t<div class=\"elementor-element elementor-element-7289329 e-con-full e-flex e-con e-child\" data-id=\"7289329\" data-element_type=\"container\">\n\t\t\t\t<div class=\"elementor-element elementor-element-2320e57 elementor-widget elementor-widget-image\" data-id=\"2320e57\" data-element_type=\"widget\" data-widget_type=\"image.default\">\n\t\t\t\t<div class=\"elementor-widget-container\">\n\t\t\t\t\t\t\t\t\t\t\t\t\t\t\t<img decoding=\"async\" src=\"https:\/\/bizibermeo.normak.es\/wp-content\/uploads\/elementor\/thumbs\/umeak-qw2sv64s1aq7fprs7tkupuzrvzrng2j6vo4mwjlss8.jpg\" title=\"umeak\" alt=\"umeak\" loading=\"lazy\" \/>\t\t\t\t\t\t\t\t\t\t\t\t\t\t\t<\/div>\n\t\t\t\t<\/div>\n\t\t\t\t<\/div>\n\t\t<div class=\"elementor-element elementor-element-dd43bd1 e-con-full e-flex e-con e-child\" data-id=\"dd43bd1\" data-element_type=\"container\">\n\t\t\t\t<div class=\"elementor-element elementor-element-3d2bc78 elementor-widget elementor-widget-theme-post-title elementor-page-title elementor-widget-heading\" data-id=\"3d2bc78\" data-element_type=\"widget\" data-widget_type=\"theme-post-title.default\">\n\t\t\t\t<div class=\"elementor-widget-container\">\n\t\t\t\t\t<h1 class=\"elementor-heading-title elementor-size-default\">Parques infantiles<\/h1>\t\t\t\t<\/div>\n\t\t\t\t<\/div>\n\t\t\t\t<div class=\"elementor-element elementor-element-620be04 elementor-widget elementor-widget-theme-post-content\" data-id=\"620be04\" data-element_type=\"widget\" data-widget_type=\"theme-post-content.default\">\n\t\t\t\t<div class=\"elementor-widget-container\">\n\t\t\t\t\t<p>Tenemos numerosos parques infantiles tanto en el centro de la villa como en los barrios rurales. En la talaya hay un parque amplio y tranquilo con un mural sobre la caza de ballenas en el medievo.\u200b<\/p>\n\t\t\t\t<\/div>\n\t\t\t\t<\/div>\n\t\t\t\t<\/div>\n\t\t\t\t\t<\/div>\n\t\t\t\t<\/div>\n\t\t\t\t<\/div>\n\t\t\t\t<div data-elementor-type=\"loop-item\" data-elementor-id=\"1228\" class=\"elementor elementor-1228 e-loop-item e-loop-item-3423 post-3423 zer-egin type-zer-egin status-publish has-post-thumbnail hentry egin-atala-avec-les-enfants\" data-elementor-post-type=\"elementor_library\" data-custom-edit-handle=\"1\">\n\t\t\t<div class=\"elementor-element elementor-element-ee9cd4c e-flex e-con-boxed e-con e-parent\" data-id=\"ee9cd4c\" data-element_type=\"container\">\n\t\t\t\t\t<div class=\"e-con-inner\">\n\t\t<div class=\"elementor-element elementor-element-7289329 e-con-full e-flex e-con e-child\" data-id=\"7289329\" data-element_type=\"container\">\n\t\t\t\t<div class=\"elementor-element elementor-element-2320e57 elementor-widget elementor-widget-image\" data-id=\"2320e57\" data-element_type=\"widget\" data-widget_type=\"image.default\">\n\t\t\t\t<div class=\"elementor-widget-container\">\n\t\t\t\t\t\t\t\t\t\t\t\t\t\t\t<img decoding=\"async\" src=\"https:\/\/bizibermeo.normak.es\/wp-content\/uploads\/elementor\/thumbs\/itsasoa-2-qw2sv8yalsu2ejnorcsqfca5o5dr35udw233cdhm9k.jpg\" title=\"itsasoa-2\" alt=\"itsasoa-2\" loading=\"lazy\" \/>\t\t\t\t\t\t\t\t\t\t\t\t\t\t\t<\/div>\n\t\t\t\t<\/div>\n\t\t\t\t<\/div>\n\t\t<div class=\"elementor-element elementor-element-dd43bd1 e-con-full e-flex e-con e-child\" data-id=\"dd43bd1\" data-element_type=\"container\">\n\t\t\t\t<div class=\"elementor-element elementor-element-3d2bc78 elementor-widget elementor-widget-theme-post-title elementor-page-title elementor-widget-heading\" data-id=\"3d2bc78\" data-element_type=\"widget\" data-widget_type=\"theme-post-title.default\">\n\t\t\t\t<div class=\"elementor-widget-container\">\n\t\t\t\t\t<h1 class=\"elementor-heading-title elementor-size-default\">Salir a la mar<\/h1>\t\t\t\t<\/div>\n\t\t\t\t<\/div>\n\t\t\t\t<div class=\"elementor-element elementor-element-620be04 elementor-widget elementor-widget-theme-post-content\" data-id=\"620be04\" data-element_type=\"widget\" data-widget_type=\"theme-post-content.default\">\n\t\t\t\t<div class=\"elementor-widget-container\">\n\t\t\t\t\t<p>Navegar es un plan perfecto para pasar un d\u00eda en el litoral, disfrutando de la hermosa y brava costa vasca. Pasando a escasos metros de maravillas naturales como: Akatz, Gaztelugatxe, Matxitxako, el estuario de Urdaibai.<\/p>\n\t\t\t\t<\/div>\n\t\t\t\t<\/div>\n\t\t\t\t<\/div>\n\t\t\t\t\t<\/div>\n\t\t\t\t<\/div>\n\t\t\t\t<\/div>\n\t\t\t\t<div data-elementor-type=\"loop-item\" data-elementor-id=\"1228\" class=\"elementor elementor-1228 e-loop-item e-loop-item-3431 post-3431 zer-egin type-zer-egin status-publish has-post-thumbnail hentry egin-atala-avec-les-enfants\" data-elementor-post-type=\"elementor_library\" data-custom-edit-handle=\"1\">\n\t\t\t<div class=\"elementor-element elementor-element-ee9cd4c e-flex e-con-boxed e-con e-parent\" data-id=\"ee9cd4c\" data-element_type=\"container\">\n\t\t\t\t\t<div class=\"e-con-inner\">\n\t\t<div class=\"elementor-element elementor-element-7289329 e-con-full e-flex e-con e-child\" data-id=\"7289329\" data-element_type=\"container\">\n\t\t\t\t<div class=\"elementor-element elementor-element-2320e57 elementor-widget elementor-widget-image\" data-id=\"2320e57\" data-element_type=\"widget\" data-widget_type=\"image.default\">\n\t\t\t\t<div class=\"elementor-widget-container\">\n\t\t\t\t\t\t\t\t\t\t\t\t\t\t\t<img decoding=\"async\" src=\"https:\/\/bizibermeo.normak.es\/wp-content\/uploads\/elementor\/thumbs\/haurren-eskualdea-qvfe7m74hxn3sfutjm0ovfk7hlun7xhjsmb5j0flrs.webp\" title=\"haurren-eskualdea\" alt=\"haurren-eskualdea\" loading=\"lazy\" \/>\t\t\t\t\t\t\t\t\t\t\t\t\t\t\t<\/div>\n\t\t\t\t<\/div>\n\t\t\t\t<\/div>\n\t\t<div class=\"elementor-element elementor-element-dd43bd1 e-con-full e-flex e-con e-child\" data-id=\"dd43bd1\" data-element_type=\"container\">\n\t\t\t\t<div class=\"elementor-element elementor-element-3d2bc78 elementor-widget elementor-widget-theme-post-title elementor-page-title elementor-widget-heading\" data-id=\"3d2bc78\" data-element_type=\"widget\" data-widget_type=\"theme-post-title.default\">\n\t\t\t\t<div class=\"elementor-widget-container\">\n\t\t\t\t\t<h1 class=\"elementor-heading-title elementor-size-default\">La comarca mas familiar<\/h1>\t\t\t\t<\/div>\n\t\t\t\t<\/div>\n\t\t\t\t<div class=\"elementor-element elementor-element-620be04 elementor-widget elementor-widget-theme-post-content\" data-id=\"620be04\" data-element_type=\"widget\" data-widget_type=\"theme-post-content.default\">\n\t\t\t\t<div class=\"elementor-widget-container\">\n\t\t\t\t\t<p>Urdaibai es una reserva de la biosfera, uno de los lugares con mayor diversidad de fauna y flora de el Pa\u00eds Vasco. Por ello hay muchos lugares para disfrutar y aprender de la naturaleza en familia: <a href=\"https:\/\/ekoetxea.eus\/es\/urdaibai\/\" rel=\"noopener\" target=\"_blank\">Ekoetxea<\/a> en Busturia (actividades para todos los p\u00fablicos), <a href=\"https:\/\/www.birdcenter.org\/es\" rel=\"noopener\" target=\"_blank\">Bird Center<\/a> en Gautegiz-Arteaga (centro pionero en investigaci\u00f3n y divulgaci\u00f3n sobre aves), <a href=\"https:\/\/www.basondo.com\/index.html\" rel=\"noopener\" target=\"_blank\">Basondo<\/a> en Kortezubi (Refugio de fauna silvestre), el m\u00e1gico bosque pintado de Oma o nuestras preciosas playas que en invierno se convierten en grandes y tranquilos arenales que hacen posible jugar en familia.<\/p>\n\t\t\t\t<\/div>\n\t\t\t\t<\/div>\n\t\t\t\t<\/div>\n\t\t\t\t\t<\/div>\n\t\t\t\t<\/div>\n\t\t\t\t<\/div>\n\t\t\t\t<\/div>\n\t\t\n\t\t\t\t\t\t<\/div>\n\t\t\t\t<\/div>\n\t\t\t\t\t<\/div>\n\t\t\t\t<\/div>\n\t\t\t\t<\/div>\n\t\t","protected":false},"excerpt":{"rendered":"","protected":false},"author":1,"featured_media":3359,"parent":3457,"menu_order":4,"comment_status":"closed","ping_status":"closed","template":"elementor_header_footer","meta":{"_acf_changed":false,"footnotes":""},"class_list":["post-3435","page","type-page","status-publish","has-post-thumbnail","hentry"],"acf":[],"_links":{"self":[{"href":"https:\/\/bizibermeo.normak.es\/es\/wp-json\/wp\/v2\/pages\/3435","targetHints":{"allow":["GET"]}}],"collection":[{"href":"https:\/\/bizibermeo.normak.es\/es\/wp-json\/wp\/v2\/pages"}],"about":[{"href":"https:\/\/bizibermeo.normak.es\/es\/wp-json\/wp\/v2\/types\/page"}],"author":[{"embeddable":true,"href":"https:\/\/bizibermeo.normak.es\/es\/wp-json\/wp\/v2\/users\/1"}],"replies":[{"embeddable":true,"href":"https:\/\/bizibermeo.normak.es\/es\/wp-json\/wp\/v2\/comments?post=3435"}],"version-history":[{"count":1,"href":"https:\/\/bizibermeo.normak.es\/es\/wp-json\/wp\/v2\/pages\/3435\/revisions"}],"predecessor-version":[{"id":3436,"href":"https:\/\/bizibermeo.normak.es\/es\/wp-json\/wp\/v2\/pages\/3435\/revisions\/3436"}],"up":[{"embeddable":true,"href":"https:\/\/bizibermeo.normak.es\/es\/wp-json\/wp\/v2\/pages\/3457"}],"wp:featuredmedia":[{"embeddable":true,"href":"https:\/\/bizibermeo.normak.es\/es\/wp-json\/wp\/v2\/media\/3359"}],"wp:attachment":[{"href":"https:\/\/bizibermeo.normak.es\/es\/wp-json\/wp\/v2\/media?parent=3435"}],"curies":[{"name":"wp","href":"https:\/\/api.w.org\/{rel}","templated":true}]}}